{"id":9975,"date":"2026-01-26T15:40:14","date_gmt":"2026-01-26T07:40:14","guid":{"rendered":"https:\/\/carosung.com\/product\/fermoir-de-boucle-a-boucle-a-blocage-a-bande-en-acier-inoxydable\/"},"modified":"2026-01-26T15:40:14","modified_gmt":"2026-01-26T07:40:14","slug":"fermoir-de-boucle-a-boucle-a-blocage-a-bande-en-acier-inoxydable","status":"publish","type":"product","link":"https:\/\/carosung.com\/fr\/produit\/fermoir-de-boucle-a-boucle-a-blocage-a-bande-en-acier-inoxydable\/","title":{"rendered":"Fermoir de boucle \u00e0 boucle \u00e0 blocage \u00e0 bande en acier inoxydable"},"content":{"rendered":"","protected":false},"excerpt":{"rendered":"<p>Mat\u00e9riau : Acier<\/p>\n<p>inoxydable Couleur : Argent, Or<\/p>\n","protected":false},"featured_media":9963,"comment_status":"closed","ping_status":"closed","template":"","meta":{"_acf_changed":false},"product_brand":[],"product_cat":[22,38],"product_tag":[122,142,139,141,121],"class_list":{"0":"post-9975","1":"product","2":"type-product","3":"status-publish","4":"has-post-thumbnail","6":"product_cat-bag-hardware","7":"product_cat-bag-clasp","8":"product_tag-bag-accessories","9":"product_tag-clasp","10":"product_tag-bag-closure","11":"product_tag-lock","12":"product_tag-turn-lock","14":"first","15":"instock","16":"shipping-taxable","17":"purchasable","18":"product-type-variable"},"acf":[],"_links":{"self":[{"href":"https:\/\/carosung.com\/fr\/wp-json\/wp\/v2\/product\/9975","targetHints":{"allow":["GET"]}}],"collection":[{"href":"https:\/\/carosung.com\/fr\/wp-json\/wp\/v2\/product"}],"about":[{"href":"https:\/\/carosung.com\/fr\/wp-json\/wp\/v2\/types\/product"}],"replies":[{"embeddable":true,"href":"https:\/\/carosung.com\/fr\/wp-json\/wp\/v2\/comments?post=9975"}],"version-history":[{"count":0,"href":"https:\/\/carosung.com\/fr\/wp-json\/wp\/v2\/product\/9975\/revisions"}],"wp:featuredmedia":[{"embeddable":true,"href":"https:\/\/carosung.com\/fr\/wp-json\/wp\/v2\/media\/9963"}],"wp:attachment":[{"href":"https:\/\/carosung.com\/fr\/wp-json\/wp\/v2\/media?parent=9975"}],"wp:term":[{"taxonomy":"product_brand","embeddable":true,"href":"https:\/\/carosung.com\/fr\/wp-json\/wp\/v2\/product_brand?post=9975"},{"taxonomy":"product_cat","embeddable":true,"href":"https:\/\/carosung.com\/fr\/wp-json\/wp\/v2\/product_cat?post=9975"},{"taxonomy":"product_tag","embeddable":true,"href":"https:\/\/carosung.com\/fr\/wp-json\/wp\/v2\/product_tag?post=9975"}],"curies":[{"name":"wp","href":"https:\/\/api.w.org\/{rel}","templated":true}]}}