{"id":9100,"date":"2026-01-21T11:12:42","date_gmt":"2026-01-21T03:12:42","guid":{"rendered":"https:\/\/carosung.com\/product\/fermoir-multifonctionnel-en-acier-inoxydable-a-boucle-a-ressort\/"},"modified":"2026-01-21T11:12:42","modified_gmt":"2026-01-21T03:12:42","slug":"fermoir-multifonctionnel-en-acier-inoxydable-a-boucle-a-ressort","status":"publish","type":"product","link":"https:\/\/carosung.com\/fr\/produit\/fermoir-multifonctionnel-en-acier-inoxydable-a-boucle-a-ressort\/","title":{"rendered":"Fermoir multifonctionnel en acier inoxydable \u00e0 boucle \u00e0 ressort"},"content":{"rendered":"","protected":false},"excerpt":{"rendered":"<p>Mat\u00e9riau : Acier<\/p>\n<p>inoxydable Couleur : Argent, Or<\/p>\n","protected":false},"featured_media":9504,"comment_status":"closed","ping_status":"closed","template":"","meta":{"_acf_changed":false},"product_brand":[],"product_cat":[80,81],"product_tag":[136,154,150,153,135],"class_list":{"0":"post-9100","1":"product","2":"type-product","3":"status-publish","4":"has-post-thumbnail","6":"product_cat-accessoires-de-maroquinerie","7":"product_cat-fermoir-de-sac","8":"product_tag-accessoires-de-sac","9":"product_tag-agrafe","10":"product_tag-fermeture-de-sac","11":"product_tag-serrure","12":"product_tag-verrouillage-de-rotation","14":"first","15":"instock","16":"shipping-taxable","17":"purchasable","18":"product-type-variable"},"acf":[],"_links":{"self":[{"href":"https:\/\/carosung.com\/fr\/wp-json\/wp\/v2\/product\/9100","targetHints":{"allow":["GET"]}}],"collection":[{"href":"https:\/\/carosung.com\/fr\/wp-json\/wp\/v2\/product"}],"about":[{"href":"https:\/\/carosung.com\/fr\/wp-json\/wp\/v2\/types\/product"}],"replies":[{"embeddable":true,"href":"https:\/\/carosung.com\/fr\/wp-json\/wp\/v2\/comments?post=9100"}],"version-history":[{"count":0,"href":"https:\/\/carosung.com\/fr\/wp-json\/wp\/v2\/product\/9100\/revisions"}],"wp:featuredmedia":[{"embeddable":true,"href":"https:\/\/carosung.com\/fr\/wp-json\/wp\/v2\/media\/9504"}],"wp:attachment":[{"href":"https:\/\/carosung.com\/fr\/wp-json\/wp\/v2\/media?parent=9100"}],"wp:term":[{"taxonomy":"product_brand","embeddable":true,"href":"https:\/\/carosung.com\/fr\/wp-json\/wp\/v2\/product_brand?post=9100"},{"taxonomy":"product_cat","embeddable":true,"href":"https:\/\/carosung.com\/fr\/wp-json\/wp\/v2\/product_cat?post=9100"},{"taxonomy":"product_tag","embeddable":true,"href":"https:\/\/carosung.com\/fr\/wp-json\/wp\/v2\/product_tag?post=9100"}],"curies":[{"name":"wp","href":"https:\/\/api.w.org\/{rel}","templated":true}]}}