{"id":8424,"date":"2026-01-20T15:46:44","date_gmt":"2026-01-20T07:46:44","guid":{"rendered":"https:\/\/carosung.com\/product\/boucles-de-ceinture-automatiques-magnetiques-retro\/"},"modified":"2026-01-20T15:48:20","modified_gmt":"2026-01-20T07:48:20","slug":"boucles-de-ceinture-automatiques-magnetiques-retro","status":"publish","type":"product","link":"https:\/\/carosung.com\/fr\/produit\/boucles-de-ceinture-automatiques-magnetiques-retro\/","title":{"rendered":"Boucles de ceinture automatiques magn\u00e9tiques r\u00e9tro"},"content":{"rendered":"","protected":false},"excerpt":{"rendered":"<p>Mat\u00e9riau : Alliage<\/p>\n<p>de zinc MOQ : 300 pi\u00e8ces<\/p>\n<p>&nbsp;<\/p>\n","protected":false},"featured_media":8420,"comment_status":"closed","ping_status":"closed","template":"","meta":{"_acf_changed":false},"product_brand":[],"product_cat":[84,94],"product_tag":[650,651,652,653,654],"class_list":{"0":"post-8424","1":"product","2":"type-product","3":"status-publish","4":"has-post-thumbnail","6":"product_cat-boucles","7":"product_cat-boucles-automatiques","8":"product_tag-boucles","9":"product_tag-boucles-de-ceinture","10":"product_tag-boucles-de-ceinture-automatiques","11":"product_tag-boucles-de-ceinture-retro","12":"product_tag-boucles-retro","14":"first","15":"instock","16":"shipping-taxable","17":"product-type-simple"},"acf":[],"_links":{"self":[{"href":"https:\/\/carosung.com\/fr\/wp-json\/wp\/v2\/product\/8424","targetHints":{"allow":["GET"]}}],"collection":[{"href":"https:\/\/carosung.com\/fr\/wp-json\/wp\/v2\/product"}],"about":[{"href":"https:\/\/carosung.com\/fr\/wp-json\/wp\/v2\/types\/product"}],"replies":[{"embeddable":true,"href":"https:\/\/carosung.com\/fr\/wp-json\/wp\/v2\/comments?post=8424"}],"version-history":[{"count":1,"href":"https:\/\/carosung.com\/fr\/wp-json\/wp\/v2\/product\/8424\/revisions"}],"predecessor-version":[{"id":8431,"href":"https:\/\/carosung.com\/fr\/wp-json\/wp\/v2\/product\/8424\/revisions\/8431"}],"wp:featuredmedia":[{"embeddable":true,"href":"https:\/\/carosung.com\/fr\/wp-json\/wp\/v2\/media\/8420"}],"wp:attachment":[{"href":"https:\/\/carosung.com\/fr\/wp-json\/wp\/v2\/media?parent=8424"}],"wp:term":[{"taxonomy":"product_brand","embeddable":true,"href":"https:\/\/carosung.com\/fr\/wp-json\/wp\/v2\/product_brand?post=8424"},{"taxonomy":"product_cat","embeddable":true,"href":"https:\/\/carosung.com\/fr\/wp-json\/wp\/v2\/product_cat?post=8424"},{"taxonomy":"product_tag","embeddable":true,"href":"https:\/\/carosung.com\/fr\/wp-json\/wp\/v2\/product_tag?post=8424"}],"curies":[{"name":"wp","href":"https:\/\/api.w.org\/{rel}","templated":true}]}}