{"id":7947,"date":"2026-01-19T14:01:39","date_gmt":"2026-01-19T06:01:39","guid":{"rendered":"https:\/\/carosung.com\/product\/fermeture-eclair-en-acier-inoxydable-pour\/"},"modified":"2026-01-19T14:17:07","modified_gmt":"2026-01-19T06:17:07","slug":"fermeture-eclair-en-acier-inoxydable-pour","status":"publish","type":"product","link":"https:\/\/carosung.com\/fr\/produit\/fermeture-eclair-en-acier-inoxydable-pour\/","title":{"rendered":"Fermeture \u00e9clair \u00e0 cadenas m\u00e9tallique"},"content":{"rendered":"","protected":false},"excerpt":{"rendered":"<p>Mat\u00e9riau : Acier<\/p>\n<p>inoxydable Couleur : Argent, Or<\/p>\n<p>&nbsp;<\/p>\n","protected":false},"featured_media":9600,"comment_status":"closed","ping_status":"closed","template":"","meta":{"_acf_changed":false},"product_brand":[],"product_cat":[213,80],"product_tag":[],"class_list":{"0":"post-7947","1":"product","2":"type-product","3":"status-publish","4":"has-post-thumbnail","6":"product_cat-fermeture-eclair","7":"product_cat-accessoires-de-maroquinerie","9":"first","10":"instock","11":"shipping-taxable","12":"purchasable","13":"product-type-variable"},"acf":[],"_links":{"self":[{"href":"https:\/\/carosung.com\/fr\/wp-json\/wp\/v2\/product\/7947","targetHints":{"allow":["GET"]}}],"collection":[{"href":"https:\/\/carosung.com\/fr\/wp-json\/wp\/v2\/product"}],"about":[{"href":"https:\/\/carosung.com\/fr\/wp-json\/wp\/v2\/types\/product"}],"replies":[{"embeddable":true,"href":"https:\/\/carosung.com\/fr\/wp-json\/wp\/v2\/comments?post=7947"}],"version-history":[{"count":1,"href":"https:\/\/carosung.com\/fr\/wp-json\/wp\/v2\/product\/7947\/revisions"}],"predecessor-version":[{"id":8013,"href":"https:\/\/carosung.com\/fr\/wp-json\/wp\/v2\/product\/7947\/revisions\/8013"}],"wp:featuredmedia":[{"embeddable":true,"href":"https:\/\/carosung.com\/fr\/wp-json\/wp\/v2\/media\/9600"}],"wp:attachment":[{"href":"https:\/\/carosung.com\/fr\/wp-json\/wp\/v2\/media?parent=7947"}],"wp:term":[{"taxonomy":"product_brand","embeddable":true,"href":"https:\/\/carosung.com\/fr\/wp-json\/wp\/v2\/product_brand?post=7947"},{"taxonomy":"product_cat","embeddable":true,"href":"https:\/\/carosung.com\/fr\/wp-json\/wp\/v2\/product_cat?post=7947"},{"taxonomy":"product_tag","embeddable":true,"href":"https:\/\/carosung.com\/fr\/wp-json\/wp\/v2\/product_tag?post=7947"}],"curies":[{"name":"wp","href":"https:\/\/api.w.org\/{rel}","templated":true}]}}