{"id":7752,"date":"2026-01-19T09:32:21","date_gmt":"2026-01-19T01:32:21","guid":{"rendered":"https:\/\/carosung.com\/product\/rivets-a-vis-a-tetes-a-billes-en-acier-inoxydable\/"},"modified":"2026-01-19T09:40:24","modified_gmt":"2026-01-19T01:40:24","slug":"rivets-a-vis-a-tetes-a-billes-en-acier-inoxydable","status":"publish","type":"product","link":"https:\/\/carosung.com\/fr\/produit\/rivets-a-vis-a-tetes-a-billes-en-acier-inoxydable\/","title":{"rendered":"Rivets \u00e0 vis \u00e0 t\u00eates \u00e0 billes en acier inoxydable"},"content":{"rendered":"","protected":false},"excerpt":{"rendered":"<p>Mat\u00e9riau : Acier<\/p>\n<p>inoxydable Couleur : Argent, Or<\/p>\n","protected":false},"featured_media":8021,"comment_status":"closed","ping_status":"closed","template":"","meta":{"_acf_changed":false},"product_brand":[],"product_cat":[190,80],"product_tag":[],"class_list":{"0":"post-7752","1":"product","2":"type-product","3":"status-publish","4":"has-post-thumbnail","6":"product_cat-rivet","7":"product_cat-accessoires-de-maroquinerie","9":"first","10":"instock","11":"shipping-taxable","12":"purchasable","13":"product-type-variable"},"acf":[],"_links":{"self":[{"href":"https:\/\/carosung.com\/fr\/wp-json\/wp\/v2\/product\/7752","targetHints":{"allow":["GET"]}}],"collection":[{"href":"https:\/\/carosung.com\/fr\/wp-json\/wp\/v2\/product"}],"about":[{"href":"https:\/\/carosung.com\/fr\/wp-json\/wp\/v2\/types\/product"}],"replies":[{"embeddable":true,"href":"https:\/\/carosung.com\/fr\/wp-json\/wp\/v2\/comments?post=7752"}],"version-history":[{"count":1,"href":"https:\/\/carosung.com\/fr\/wp-json\/wp\/v2\/product\/7752\/revisions"}],"predecessor-version":[{"id":7760,"href":"https:\/\/carosung.com\/fr\/wp-json\/wp\/v2\/product\/7752\/revisions\/7760"}],"wp:featuredmedia":[{"embeddable":true,"href":"https:\/\/carosung.com\/fr\/wp-json\/wp\/v2\/media\/8021"}],"wp:attachment":[{"href":"https:\/\/carosung.com\/fr\/wp-json\/wp\/v2\/media?parent=7752"}],"wp:term":[{"taxonomy":"product_brand","embeddable":true,"href":"https:\/\/carosung.com\/fr\/wp-json\/wp\/v2\/product_brand?post=7752"},{"taxonomy":"product_cat","embeddable":true,"href":"https:\/\/carosung.com\/fr\/wp-json\/wp\/v2\/product_cat?post=7752"},{"taxonomy":"product_tag","embeddable":true,"href":"https:\/\/carosung.com\/fr\/wp-json\/wp\/v2\/product_tag?post=7752"}],"curies":[{"name":"wp","href":"https:\/\/api.w.org\/{rel}","templated":true}]}}