{"id":6364,"date":"2026-01-03T17:49:09","date_gmt":"2026-01-03T09:49:09","guid":{"rendered":"https:\/\/carosung.com\/product\/anneau-a-pression-et-d-en-acier-inoxydable-de-qualite-premium\/"},"modified":"2026-01-03T17:49:09","modified_gmt":"2026-01-03T09:49:09","slug":"anneau-a-pression-et-d-en-acier-inoxydable-de-qualite-premium","status":"publish","type":"product","link":"https:\/\/carosung.com\/fr\/produit\/anneau-a-pression-et-d-en-acier-inoxydable-de-qualite-premium\/","title":{"rendered":"Anneau \u00e0 pression et D en acier inoxydable de qualit\u00e9 premium"},"content":{"rendered":"","protected":false},"excerpt":{"rendered":"<p>Mat\u00e9riau : Acier<\/p>\n<p>inoxydable Couleur : Or, Argent<\/p>\n<p>Taille : 7 mm, 9 mm Logo int\u00e9rieur<\/p>\n<p>: Personnalisable<\/p>\n","protected":false},"featured_media":6291,"comment_status":"closed","ping_status":"closed","template":"","meta":{"_acf_changed":false},"product_brand":[],"product_cat":[198],"product_tag":[199,210],"class_list":{"0":"post-6364","1":"product","2":"type-product","3":"status-publish","4":"has-post-thumbnail","6":"product_cat-crochet-a-ressort","7":"product_tag-crochet-a-pression","8":"product_tag-crochet-a-ressort","10":"first","11":"instock","12":"shipping-taxable","13":"product-type-variable"},"acf":[],"_links":{"self":[{"href":"https:\/\/carosung.com\/fr\/wp-json\/wp\/v2\/product\/6364","targetHints":{"allow":["GET"]}}],"collection":[{"href":"https:\/\/carosung.com\/fr\/wp-json\/wp\/v2\/product"}],"about":[{"href":"https:\/\/carosung.com\/fr\/wp-json\/wp\/v2\/types\/product"}],"replies":[{"embeddable":true,"href":"https:\/\/carosung.com\/fr\/wp-json\/wp\/v2\/comments?post=6364"}],"version-history":[{"count":0,"href":"https:\/\/carosung.com\/fr\/wp-json\/wp\/v2\/product\/6364\/revisions"}],"wp:featuredmedia":[{"embeddable":true,"href":"https:\/\/carosung.com\/fr\/wp-json\/wp\/v2\/media\/6291"}],"wp:attachment":[{"href":"https:\/\/carosung.com\/fr\/wp-json\/wp\/v2\/media?parent=6364"}],"wp:term":[{"taxonomy":"product_brand","embeddable":true,"href":"https:\/\/carosung.com\/fr\/wp-json\/wp\/v2\/product_brand?post=6364"},{"taxonomy":"product_cat","embeddable":true,"href":"https:\/\/carosung.com\/fr\/wp-json\/wp\/v2\/product_cat?post=6364"},{"taxonomy":"product_tag","embeddable":true,"href":"https:\/\/carosung.com\/fr\/wp-json\/wp\/v2\/product_tag?post=6364"}],"curies":[{"name":"wp","href":"https:\/\/api.w.org\/{rel}","templated":true}]}}