{"id":6043,"date":"2026-01-02T17:56:32","date_gmt":"2026-01-02T09:56:32","guid":{"rendered":"https:\/\/carosung.com\/product\/serrure-a-fermeture-eclair-combinee-pour-sac-a-main\/"},"modified":"2026-01-02T17:56:32","modified_gmt":"2026-01-02T09:56:32","slug":"serrure-a-fermeture-eclair-combinee-pour-sac-a-main","status":"publish","type":"product","link":"https:\/\/carosung.com\/fr\/produit\/serrure-a-fermeture-eclair-combinee-pour-sac-a-main\/","title":{"rendered":"Serrure \u00e0 fermeture \u00e9clair combin\u00e9e pour sac \u00e0 main"},"content":{"rendered":"","protected":false},"excerpt":{"rendered":"<p>Mat\u00e9riau : Alliage<\/p>\n<p>de zinc Couleur : Gunmetal \/ Argent<\/p>\n","protected":false},"featured_media":5979,"comment_status":"closed","ping_status":"closed","template":"","meta":{"_acf_changed":false},"product_brand":[],"product_cat":[213,80],"product_tag":[215,477,478,232],"class_list":{"0":"post-6043","1":"product","2":"type-product","3":"status-publish","4":"has-post-thumbnail","6":"product_cat-fermeture-eclair","7":"product_cat-accessoires-de-maroquinerie","8":"product_tag-fermeture-eclair","9":"product_tag-fermeture-eclair-2","10":"product_tag-fermeture-eclair-a-combinaison","11":"product_tag-fermeture-eclair-de-sac","13":"first","14":"instock","15":"shipping-taxable","16":"product-type-variable"},"acf":[],"_links":{"self":[{"href":"https:\/\/carosung.com\/fr\/wp-json\/wp\/v2\/product\/6043","targetHints":{"allow":["GET"]}}],"collection":[{"href":"https:\/\/carosung.com\/fr\/wp-json\/wp\/v2\/product"}],"about":[{"href":"https:\/\/carosung.com\/fr\/wp-json\/wp\/v2\/types\/product"}],"replies":[{"embeddable":true,"href":"https:\/\/carosung.com\/fr\/wp-json\/wp\/v2\/comments?post=6043"}],"version-history":[{"count":0,"href":"https:\/\/carosung.com\/fr\/wp-json\/wp\/v2\/product\/6043\/revisions"}],"wp:featuredmedia":[{"embeddable":true,"href":"https:\/\/carosung.com\/fr\/wp-json\/wp\/v2\/media\/5979"}],"wp:attachment":[{"href":"https:\/\/carosung.com\/fr\/wp-json\/wp\/v2\/media?parent=6043"}],"wp:term":[{"taxonomy":"product_brand","embeddable":true,"href":"https:\/\/carosung.com\/fr\/wp-json\/wp\/v2\/product_brand?post=6043"},{"taxonomy":"product_cat","embeddable":true,"href":"https:\/\/carosung.com\/fr\/wp-json\/wp\/v2\/product_cat?post=6043"},{"taxonomy":"product_tag","embeddable":true,"href":"https:\/\/carosung.com\/fr\/wp-json\/wp\/v2\/product_tag?post=6043"}],"curies":[{"name":"wp","href":"https:\/\/api.w.org\/{rel}","templated":true}]}}