{"id":6028,"date":"2026-01-02T16:17:58","date_gmt":"2026-01-02T08:17:58","guid":{"rendered":"https:\/\/carosung.com\/product\/boucle-a-epingle-metallique-revetue-de-pvd-pour-sacs\/"},"modified":"2026-01-02T16:17:58","modified_gmt":"2026-01-02T08:17:58","slug":"boucle-a-epingle-metallique-revetue-de-pvd-pour-sacs","status":"publish","type":"product","link":"https:\/\/carosung.com\/fr\/produit\/boucle-a-epingle-metallique-revetue-de-pvd-pour-sacs\/","title":{"rendered":"Boucle \u00e0 \u00e9pingle m\u00e9tallique rev\u00eatue de PVD pour sacs"},"content":{"rendered":"","protected":false},"excerpt":{"rendered":"<p>Mat\u00e9riau : Alliage<\/p>\n<p>de zinc Couleur : or \/ argent<\/p>\n","protected":false},"featured_media":5832,"comment_status":"closed","ping_status":"closed","template":"","meta":{"_acf_changed":false},"product_brand":[],"product_cat":[256,80],"product_tag":[136,316,249,317,453,231],"class_list":{"0":"post-6028","1":"product","2":"type-product","3":"status-publish","4":"has-post-thumbnail","6":"product_cat-boucle-depingle","7":"product_cat-accessoires-de-maroquinerie","8":"product_tag-accessoires-de-sac","9":"product_tag-boucle","10":"product_tag-boucle-a-epingle","11":"product_tag-boucle-de-ceinture","12":"product_tag-boucle-de-sac","13":"product_tag-quincaillerie-de-sac","15":"first","16":"instock","17":"shipping-taxable","18":"product-type-variable"},"acf":[],"_links":{"self":[{"href":"https:\/\/carosung.com\/fr\/wp-json\/wp\/v2\/product\/6028","targetHints":{"allow":["GET"]}}],"collection":[{"href":"https:\/\/carosung.com\/fr\/wp-json\/wp\/v2\/product"}],"about":[{"href":"https:\/\/carosung.com\/fr\/wp-json\/wp\/v2\/types\/product"}],"replies":[{"embeddable":true,"href":"https:\/\/carosung.com\/fr\/wp-json\/wp\/v2\/comments?post=6028"}],"version-history":[{"count":0,"href":"https:\/\/carosung.com\/fr\/wp-json\/wp\/v2\/product\/6028\/revisions"}],"wp:featuredmedia":[{"embeddable":true,"href":"https:\/\/carosung.com\/fr\/wp-json\/wp\/v2\/media\/5832"}],"wp:attachment":[{"href":"https:\/\/carosung.com\/fr\/wp-json\/wp\/v2\/media?parent=6028"}],"wp:term":[{"taxonomy":"product_brand","embeddable":true,"href":"https:\/\/carosung.com\/fr\/wp-json\/wp\/v2\/product_brand?post=6028"},{"taxonomy":"product_cat","embeddable":true,"href":"https:\/\/carosung.com\/fr\/wp-json\/wp\/v2\/product_cat?post=6028"},{"taxonomy":"product_tag","embeddable":true,"href":"https:\/\/carosung.com\/fr\/wp-json\/wp\/v2\/product_tag?post=6028"}],"curies":[{"name":"wp","href":"https:\/\/api.w.org\/{rel}","templated":true}]}}