{"id":5616,"date":"2026-01-02T11:28:23","date_gmt":"2026-01-02T03:28:23","guid":{"rendered":"https:\/\/carosung.com\/product\/fermeture-a-sac-en-or-ancien-a-verrouillage-a-pression\/"},"modified":"2026-01-02T11:28:23","modified_gmt":"2026-01-02T03:28:23","slug":"fermeture-a-sac-en-or-ancien-a-verrouillage-a-pression","status":"publish","type":"product","link":"https:\/\/carosung.com\/fr\/produit\/fermeture-a-sac-en-or-ancien-a-verrouillage-a-pression\/","title":{"rendered":"Fermeture \u00e0 sac en or ancien \u00e0 verrouillage \u00e0 pression"},"content":{"rendered":"","protected":false},"excerpt":{"rendered":"<p>Mat\u00e9riau : Alliage<\/p>\n<p>de zinc Couleur : Or antique<\/p>\n","protected":false},"featured_media":5610,"comment_status":"closed","ping_status":"closed","template":"","meta":{"_acf_changed":false},"product_brand":[],"product_cat":[80,81],"product_tag":[154,152,150,133,392,393,394],"class_list":{"0":"post-5616","1":"product","2":"type-product","3":"status-publish","4":"has-post-thumbnail","6":"product_cat-accessoires-de-maroquinerie","7":"product_cat-fermoir-de-sac","8":"product_tag-agrafe","9":"product_tag-fermeture","10":"product_tag-fermeture-de-sac","11":"product_tag-fermoir-de-sac","12":"product_tag-serrure-a-sac-a-main","13":"product_tag-serrure-tuck","14":"product_tag-verrouillage-du-pouce","16":"first","17":"instock","18":"shipping-taxable","19":"product-type-simple"},"acf":[],"_links":{"self":[{"href":"https:\/\/carosung.com\/fr\/wp-json\/wp\/v2\/product\/5616","targetHints":{"allow":["GET"]}}],"collection":[{"href":"https:\/\/carosung.com\/fr\/wp-json\/wp\/v2\/product"}],"about":[{"href":"https:\/\/carosung.com\/fr\/wp-json\/wp\/v2\/types\/product"}],"replies":[{"embeddable":true,"href":"https:\/\/carosung.com\/fr\/wp-json\/wp\/v2\/comments?post=5616"}],"version-history":[{"count":0,"href":"https:\/\/carosung.com\/fr\/wp-json\/wp\/v2\/product\/5616\/revisions"}],"wp:featuredmedia":[{"embeddable":true,"href":"https:\/\/carosung.com\/fr\/wp-json\/wp\/v2\/media\/5610"}],"wp:attachment":[{"href":"https:\/\/carosung.com\/fr\/wp-json\/wp\/v2\/media?parent=5616"}],"wp:term":[{"taxonomy":"product_brand","embeddable":true,"href":"https:\/\/carosung.com\/fr\/wp-json\/wp\/v2\/product_brand?post=5616"},{"taxonomy":"product_cat","embeddable":true,"href":"https:\/\/carosung.com\/fr\/wp-json\/wp\/v2\/product_cat?post=5616"},{"taxonomy":"product_tag","embeddable":true,"href":"https:\/\/carosung.com\/fr\/wp-json\/wp\/v2\/product_tag?post=5616"}],"curies":[{"name":"wp","href":"https:\/\/api.w.org\/{rel}","templated":true}]}}