{"id":5592,"date":"2026-01-02T11:05:56","date_gmt":"2026-01-02T03:05:56","guid":{"rendered":"https:\/\/carosung.com\/product\/sangle-de-sac-a-clip-lateral-metallique-attache-de-chaine-boucle\/"},"modified":"2026-01-02T11:10:49","modified_gmt":"2026-01-02T03:10:49","slug":"sangle-de-sac-a-clip-lateral-metallique-attache-de-chaine-boucle","status":"publish","type":"product","link":"https:\/\/carosung.com\/fr\/produit\/sangle-de-sac-a-clip-lateral-metallique-attache-de-chaine-boucle\/","title":{"rendered":"Sangle de sac \u00e0 clip lat\u00e9ral m\u00e9tallique, attache de cha\u00eene, boucle"},"content":{"rendered":"","protected":false},"excerpt":{"rendered":"<p>Mat\u00e9riau : Alliage<\/p>\n<p>de zinc Couleur : Argent<\/p>\n","protected":false},"featured_media":5585,"comment_status":"closed","ping_status":"closed","template":"","meta":{"_acf_changed":false},"product_brand":[],"product_cat":[252,166,80],"product_tag":[375,374,377,376],"class_list":{"0":"post-5592","1":"product","2":"type-product","3":"status-publish","4":"has-post-thumbnail","6":"product_cat-autres-accessoires-pour-sacs","7":"product_cat-uncategorized","8":"product_cat-accessoires-de-maroquinerie","9":"product_tag-boucle-de-suspension-laterale-du-sac","10":"product_tag-clip-lateral-du-sac","11":"product_tag-connecteur-cote-sac","12":"product_tag-fermoir-lateral-du-sac","14":"first","15":"instock","16":"shipping-taxable","17":"product-type-simple"},"acf":[],"_links":{"self":[{"href":"https:\/\/carosung.com\/fr\/wp-json\/wp\/v2\/product\/5592","targetHints":{"allow":["GET"]}}],"collection":[{"href":"https:\/\/carosung.com\/fr\/wp-json\/wp\/v2\/product"}],"about":[{"href":"https:\/\/carosung.com\/fr\/wp-json\/wp\/v2\/types\/product"}],"replies":[{"embeddable":true,"href":"https:\/\/carosung.com\/fr\/wp-json\/wp\/v2\/comments?post=5592"}],"version-history":[{"count":1,"href":"https:\/\/carosung.com\/fr\/wp-json\/wp\/v2\/product\/5592\/revisions"}],"predecessor-version":[{"id":5593,"href":"https:\/\/carosung.com\/fr\/wp-json\/wp\/v2\/product\/5592\/revisions\/5593"}],"wp:featuredmedia":[{"embeddable":true,"href":"https:\/\/carosung.com\/fr\/wp-json\/wp\/v2\/media\/5585"}],"wp:attachment":[{"href":"https:\/\/carosung.com\/fr\/wp-json\/wp\/v2\/media?parent=5592"}],"wp:term":[{"taxonomy":"product_brand","embeddable":true,"href":"https:\/\/carosung.com\/fr\/wp-json\/wp\/v2\/product_brand?post=5592"},{"taxonomy":"product_cat","embeddable":true,"href":"https:\/\/carosung.com\/fr\/wp-json\/wp\/v2\/product_cat?post=5592"},{"taxonomy":"product_tag","embeddable":true,"href":"https:\/\/carosung.com\/fr\/wp-json\/wp\/v2\/product_tag?post=5592"}],"curies":[{"name":"wp","href":"https:\/\/api.w.org\/{rel}","templated":true}]}}