{"id":5556,"date":"2025-12-30T15:48:53","date_gmt":"2025-12-30T07:48:53","guid":{"rendered":"https:\/\/carosung.com\/product\/chaine-de-sac-a-revetement-pvd-or-24-carats-de-15-mm\/"},"modified":"2025-12-30T15:48:53","modified_gmt":"2025-12-30T07:48:53","slug":"chaine-de-sac-a-revetement-pvd-or-24-carats-de-15-mm","status":"publish","type":"product","link":"https:\/\/carosung.com\/fr\/produit\/chaine-de-sac-a-revetement-pvd-or-24-carats-de-15-mm\/","title":{"rendered":"Cha\u00eene de sac \u00e0 rev\u00eatement PVD or 24 carats de 15 mm"},"content":{"rendered":"","protected":false},"excerpt":{"rendered":"<p>Mat\u00e9riau : Acier<\/p>\n<p>inoxydable Couleur : 24K Gold<\/p>\n","protected":false},"featured_media":5504,"comment_status":"closed","ping_status":"closed","template":"","meta":{"_acf_changed":false},"product_brand":[],"product_cat":[233,80],"product_tag":[236,234,366],"class_list":{"0":"post-5556","1":"product","2":"type-product","3":"status-publish","4":"has-post-thumbnail","6":"product_cat-chaine-de-sac","7":"product_cat-accessoires-de-maroquinerie","8":"product_tag-chaine","9":"product_tag-chaine-de-sac","10":"product_tag-chaine-de-sacs-en-pvd-en-or-24-carats","12":"first","13":"instock","14":"shipping-taxable","15":"product-type-simple"},"acf":[],"_links":{"self":[{"href":"https:\/\/carosung.com\/fr\/wp-json\/wp\/v2\/product\/5556","targetHints":{"allow":["GET"]}}],"collection":[{"href":"https:\/\/carosung.com\/fr\/wp-json\/wp\/v2\/product"}],"about":[{"href":"https:\/\/carosung.com\/fr\/wp-json\/wp\/v2\/types\/product"}],"replies":[{"embeddable":true,"href":"https:\/\/carosung.com\/fr\/wp-json\/wp\/v2\/comments?post=5556"}],"version-history":[{"count":0,"href":"https:\/\/carosung.com\/fr\/wp-json\/wp\/v2\/product\/5556\/revisions"}],"wp:featuredmedia":[{"embeddable":true,"href":"https:\/\/carosung.com\/fr\/wp-json\/wp\/v2\/media\/5504"}],"wp:attachment":[{"href":"https:\/\/carosung.com\/fr\/wp-json\/wp\/v2\/media?parent=5556"}],"wp:term":[{"taxonomy":"product_brand","embeddable":true,"href":"https:\/\/carosung.com\/fr\/wp-json\/wp\/v2\/product_brand?post=5556"},{"taxonomy":"product_cat","embeddable":true,"href":"https:\/\/carosung.com\/fr\/wp-json\/wp\/v2\/product_cat?post=5556"},{"taxonomy":"product_tag","embeddable":true,"href":"https:\/\/carosung.com\/fr\/wp-json\/wp\/v2\/product_tag?post=5556"}],"curies":[{"name":"wp","href":"https:\/\/api.w.org\/{rel}","templated":true}]}}