{"id":5545,"date":"2025-12-30T15:27:19","date_gmt":"2025-12-30T07:27:19","guid":{"rendered":"https:\/\/carosung.com\/product\/boucle-de-ceinture-a-plaque-reversible-de-35-mm\/"},"modified":"2025-12-30T15:27:19","modified_gmt":"2025-12-30T07:27:19","slug":"boucle-de-ceinture-a-plaque-reversible-de-35-mm","status":"publish","type":"product","link":"https:\/\/carosung.com\/fr\/produit\/boucle-de-ceinture-a-plaque-reversible-de-35-mm\/","title":{"rendered":"Boucle de ceinture \u00e0 plaque r\u00e9versible de 35 mm"},"content":{"rendered":"","protected":false},"excerpt":{"rendered":"<p>Mat\u00e9riau : Alliage<\/p>\n<p>de zinc MOQ : 300 pi\u00e8ces<\/p>\n","protected":false},"featured_media":5481,"comment_status":"closed","ping_status":"closed","template":"","meta":{"_acf_changed":false},"product_brand":[],"product_cat":[84,85],"product_tag":[316,317,351,296,350,297],"class_list":{"0":"post-5545","1":"product","2":"type-product","3":"status-publish","4":"has-post-thumbnail","6":"product_cat-boucles","7":"product_cat-boucles-a-plaque","8":"product_tag-boucle","9":"product_tag-boucle-de-ceinture","10":"product_tag-boucle-de-ceinture-en-fibre-de-carbone","11":"product_tag-boucle-de-ceinture-reversible","12":"product_tag-boucle-de-plaque","13":"product_tag-boucle-reversible","15":"first","16":"instock","17":"shipping-taxable","18":"product-type-simple"},"acf":[],"_links":{"self":[{"href":"https:\/\/carosung.com\/fr\/wp-json\/wp\/v2\/product\/5545","targetHints":{"allow":["GET"]}}],"collection":[{"href":"https:\/\/carosung.com\/fr\/wp-json\/wp\/v2\/product"}],"about":[{"href":"https:\/\/carosung.com\/fr\/wp-json\/wp\/v2\/types\/product"}],"replies":[{"embeddable":true,"href":"https:\/\/carosung.com\/fr\/wp-json\/wp\/v2\/comments?post=5545"}],"version-history":[{"count":0,"href":"https:\/\/carosung.com\/fr\/wp-json\/wp\/v2\/product\/5545\/revisions"}],"wp:featuredmedia":[{"embeddable":true,"href":"https:\/\/carosung.com\/fr\/wp-json\/wp\/v2\/media\/5481"}],"wp:attachment":[{"href":"https:\/\/carosung.com\/fr\/wp-json\/wp\/v2\/media?parent=5545"}],"wp:term":[{"taxonomy":"product_brand","embeddable":true,"href":"https:\/\/carosung.com\/fr\/wp-json\/wp\/v2\/product_brand?post=5545"},{"taxonomy":"product_cat","embeddable":true,"href":"https:\/\/carosung.com\/fr\/wp-json\/wp\/v2\/product_cat?post=5545"},{"taxonomy":"product_tag","embeddable":true,"href":"https:\/\/carosung.com\/fr\/wp-json\/wp\/v2\/product_tag?post=5545"}],"curies":[{"name":"wp","href":"https:\/\/api.w.org\/{rel}","templated":true}]}}