{"id":5416,"date":"2025-12-30T14:22:48","date_gmt":"2025-12-30T06:22:48","guid":{"rendered":"https:\/\/carosung.com\/product\/boucle-de-ceinture-reversible-en-metal-de-fusil-35-mm\/"},"modified":"2025-12-30T14:22:48","modified_gmt":"2025-12-30T06:22:48","slug":"boucle-de-ceinture-reversible-en-metal-de-fusil-35-mm","status":"publish","type":"product","link":"https:\/\/carosung.com\/fr\/produit\/boucle-de-ceinture-reversible-en-metal-de-fusil-35-mm\/","title":{"rendered":"Boucle de ceinture r\u00e9versible en m\u00e9tal de fusil 35 mm"},"content":{"rendered":"","protected":false},"excerpt":{"rendered":"<p>Mat\u00e9riau : Alliage<\/p>\n<p>de zinc MOQ : 300 pi\u00e8ces<\/p>\n","protected":false},"featured_media":5409,"comment_status":"closed","ping_status":"closed","template":"","meta":{"_acf_changed":false},"product_brand":[],"product_cat":[84,110],"product_tag":[249,296,297],"class_list":{"0":"post-5416","1":"product","2":"type-product","3":"status-publish","4":"has-post-thumbnail","6":"product_cat-boucles","7":"product_cat-boucles-a-ardillon","8":"product_tag-boucle-a-epingle","9":"product_tag-boucle-de-ceinture-reversible","10":"product_tag-boucle-reversible","12":"first","13":"instock","14":"shipping-taxable","15":"product-type-simple"},"acf":[],"_links":{"self":[{"href":"https:\/\/carosung.com\/fr\/wp-json\/wp\/v2\/product\/5416","targetHints":{"allow":["GET"]}}],"collection":[{"href":"https:\/\/carosung.com\/fr\/wp-json\/wp\/v2\/product"}],"about":[{"href":"https:\/\/carosung.com\/fr\/wp-json\/wp\/v2\/types\/product"}],"replies":[{"embeddable":true,"href":"https:\/\/carosung.com\/fr\/wp-json\/wp\/v2\/comments?post=5416"}],"version-history":[{"count":0,"href":"https:\/\/carosung.com\/fr\/wp-json\/wp\/v2\/product\/5416\/revisions"}],"wp:featuredmedia":[{"embeddable":true,"href":"https:\/\/carosung.com\/fr\/wp-json\/wp\/v2\/media\/5409"}],"wp:attachment":[{"href":"https:\/\/carosung.com\/fr\/wp-json\/wp\/v2\/media?parent=5416"}],"wp:term":[{"taxonomy":"product_brand","embeddable":true,"href":"https:\/\/carosung.com\/fr\/wp-json\/wp\/v2\/product_brand?post=5416"},{"taxonomy":"product_cat","embeddable":true,"href":"https:\/\/carosung.com\/fr\/wp-json\/wp\/v2\/product_cat?post=5416"},{"taxonomy":"product_tag","embeddable":true,"href":"https:\/\/carosung.com\/fr\/wp-json\/wp\/v2\/product_tag?post=5416"}],"curies":[{"name":"wp","href":"https:\/\/api.w.org\/{rel}","templated":true}]}}