{"id":5345,"date":"2025-12-29T16:48:57","date_gmt":"2025-12-29T08:48:57","guid":{"rendered":"https:\/\/carosung.com\/product\/etiquette-personnalisee-avec-un-logo-en-metal\/"},"modified":"2025-12-30T14:25:39","modified_gmt":"2025-12-30T06:25:39","slug":"etiquette-personnalisee-avec-un-logo-en-metal","status":"publish","type":"product","link":"https:\/\/carosung.com\/fr\/produit\/etiquette-personnalisee-avec-un-logo-en-metal\/","title":{"rendered":"\u00c9tiquette personnalis\u00e9e avec un logo en m\u00e9tal"},"content":{"rendered":"","protected":false},"excerpt":{"rendered":"<p>Mat\u00e9riau : Alliage<\/p>\n<p>de zinc Couleur : Argent \/ Or<\/p>\n","protected":false},"featured_media":5340,"comment_status":"closed","ping_status":"closed","template":"","meta":{"_acf_changed":false},"product_brand":[],"product_cat":[263,80],"product_tag":[265,266,264,267],"class_list":{"0":"post-5345","1":"product","2":"type-product","3":"status-publish","4":"has-post-thumbnail","6":"product_cat-etiquette-de-sac","7":"product_cat-accessoires-de-maroquinerie","8":"product_tag-etiquette-logo","9":"product_tag-etiquette-metallique","10":"product_tag-logo-metallique","11":"product_tag-logo-personnalise","13":"first","14":"instock","15":"shipping-taxable","16":"product-type-simple"},"acf":[],"_links":{"self":[{"href":"https:\/\/carosung.com\/fr\/wp-json\/wp\/v2\/product\/5345","targetHints":{"allow":["GET"]}}],"collection":[{"href":"https:\/\/carosung.com\/fr\/wp-json\/wp\/v2\/product"}],"about":[{"href":"https:\/\/carosung.com\/fr\/wp-json\/wp\/v2\/types\/product"}],"replies":[{"embeddable":true,"href":"https:\/\/carosung.com\/fr\/wp-json\/wp\/v2\/comments?post=5345"}],"version-history":[{"count":1,"href":"https:\/\/carosung.com\/fr\/wp-json\/wp\/v2\/product\/5345\/revisions"}],"predecessor-version":[{"id":5392,"href":"https:\/\/carosung.com\/fr\/wp-json\/wp\/v2\/product\/5345\/revisions\/5392"}],"wp:featuredmedia":[{"embeddable":true,"href":"https:\/\/carosung.com\/fr\/wp-json\/wp\/v2\/media\/5340"}],"wp:attachment":[{"href":"https:\/\/carosung.com\/fr\/wp-json\/wp\/v2\/media?parent=5345"}],"wp:term":[{"taxonomy":"product_brand","embeddable":true,"href":"https:\/\/carosung.com\/fr\/wp-json\/wp\/v2\/product_brand?post=5345"},{"taxonomy":"product_cat","embeddable":true,"href":"https:\/\/carosung.com\/fr\/wp-json\/wp\/v2\/product_cat?post=5345"},{"taxonomy":"product_tag","embeddable":true,"href":"https:\/\/carosung.com\/fr\/wp-json\/wp\/v2\/product_tag?post=5345"}],"curies":[{"name":"wp","href":"https:\/\/api.w.org\/{rel}","templated":true}]}}