{"id":5066,"date":"2025-12-25T17:48:11","date_gmt":"2025-12-25T09:48:11","guid":{"rendered":"https:\/\/carosung.com\/product\/anneau-en-d-a-fermeture-eclair-en-acier-inoxydable-pour-sacs-a-main\/"},"modified":"2025-12-25T17:48:11","modified_gmt":"2025-12-25T09:48:11","slug":"anneau-en-d-a-fermeture-eclair-en-acier-inoxydable-pour-sacs-a-main","status":"publish","type":"product","link":"https:\/\/carosung.com\/fr\/produit\/anneau-en-d-a-fermeture-eclair-en-acier-inoxydable-pour-sacs-a-main\/","title":{"rendered":"Anneau en D \u00e0 fermeture \u00e9clair en acier inoxydable pour sacs \u00e0 main"},"content":{"rendered":"","protected":false},"excerpt":{"rendered":"<p>Mat\u00e9riau : Acier<\/p>\n<p>inoxydable Couleur : Argent, or 18 carats, or 24 carats<\/p>\n<p>Taille : pour fermeture \u00e9clair<\/p>\n<p>5# Logo grav\u00e9 Poids minimum : 100 pi\u00e8ces<\/p>\n","protected":false},"featured_media":4979,"comment_status":"closed","ping_status":"closed","template":"","meta":{"_acf_changed":false},"product_brand":[],"product_cat":[213,80],"product_tag":[215,231],"class_list":{"0":"post-5066","1":"product","2":"type-product","3":"status-publish","4":"has-post-thumbnail","6":"product_cat-fermeture-eclair","7":"product_cat-accessoires-de-maroquinerie","8":"product_tag-fermeture-eclair","9":"product_tag-quincaillerie-de-sac","11":"first","12":"instock","13":"shipping-taxable","14":"product-type-variable"},"acf":[],"_links":{"self":[{"href":"https:\/\/carosung.com\/fr\/wp-json\/wp\/v2\/product\/5066","targetHints":{"allow":["GET"]}}],"collection":[{"href":"https:\/\/carosung.com\/fr\/wp-json\/wp\/v2\/product"}],"about":[{"href":"https:\/\/carosung.com\/fr\/wp-json\/wp\/v2\/types\/product"}],"replies":[{"embeddable":true,"href":"https:\/\/carosung.com\/fr\/wp-json\/wp\/v2\/comments?post=5066"}],"version-history":[{"count":0,"href":"https:\/\/carosung.com\/fr\/wp-json\/wp\/v2\/product\/5066\/revisions"}],"wp:featuredmedia":[{"embeddable":true,"href":"https:\/\/carosung.com\/fr\/wp-json\/wp\/v2\/media\/4979"}],"wp:attachment":[{"href":"https:\/\/carosung.com\/fr\/wp-json\/wp\/v2\/media?parent=5066"}],"wp:term":[{"taxonomy":"product_brand","embeddable":true,"href":"https:\/\/carosung.com\/fr\/wp-json\/wp\/v2\/product_brand?post=5066"},{"taxonomy":"product_cat","embeddable":true,"href":"https:\/\/carosung.com\/fr\/wp-json\/wp\/v2\/product_cat?post=5066"},{"taxonomy":"product_tag","embeddable":true,"href":"https:\/\/carosung.com\/fr\/wp-json\/wp\/v2\/product_tag?post=5066"}],"curies":[{"name":"wp","href":"https:\/\/api.w.org\/{rel}","templated":true}]}}