{"id":4627,"date":"2025-12-23T18:04:47","date_gmt":"2025-12-23T10:04:47","guid":{"rendered":"https:\/\/carosung.com\/product\/crochet-pivotant-de-qualite-superieure-pour-sac-de-luxe\/"},"modified":"2025-12-23T18:05:01","modified_gmt":"2025-12-23T10:05:01","slug":"crochet-pivotant-de-qualite-superieure-pour-sac-de-luxe","status":"publish","type":"product","link":"https:\/\/carosung.com\/fr\/produit\/crochet-pivotant-de-qualite-superieure-pour-sac-de-luxe\/","title":{"rendered":"Crochet pivotant de qualit\u00e9 sup\u00e9rieure pour sac de luxe"},"content":{"rendered":"","protected":false},"excerpt":{"rendered":"<p>Mat\u00e9riau : Acier<\/p>\n<p>inoxydable Couleur : Or, argent<\/p>\n<p>Taille : int\u00e9rieur 16 mm, 19 mm, 25 mm<\/p>\n<p>Logo : Personnalisable<\/p>\n","protected":false},"featured_media":4590,"comment_status":"closed","ping_status":"closed","template":"","meta":{"_acf_changed":false},"product_brand":[],"product_cat":[198],"product_tag":[199,200],"class_list":{"0":"post-4627","1":"product","2":"type-product","3":"status-publish","4":"has-post-thumbnail","6":"product_cat-crochet-a-ressort","7":"product_tag-crochet-a-pression","8":"product_tag-crochet-pivotant","10":"first","11":"instock","12":"shipping-taxable","13":"product-type-variable"},"acf":[],"_links":{"self":[{"href":"https:\/\/carosung.com\/fr\/wp-json\/wp\/v2\/product\/4627","targetHints":{"allow":["GET"]}}],"collection":[{"href":"https:\/\/carosung.com\/fr\/wp-json\/wp\/v2\/product"}],"about":[{"href":"https:\/\/carosung.com\/fr\/wp-json\/wp\/v2\/types\/product"}],"replies":[{"embeddable":true,"href":"https:\/\/carosung.com\/fr\/wp-json\/wp\/v2\/comments?post=4627"}],"version-history":[{"count":1,"href":"https:\/\/carosung.com\/fr\/wp-json\/wp\/v2\/product\/4627\/revisions"}],"predecessor-version":[{"id":4634,"href":"https:\/\/carosung.com\/fr\/wp-json\/wp\/v2\/product\/4627\/revisions\/4634"}],"wp:featuredmedia":[{"embeddable":true,"href":"https:\/\/carosung.com\/fr\/wp-json\/wp\/v2\/media\/4590"}],"wp:attachment":[{"href":"https:\/\/carosung.com\/fr\/wp-json\/wp\/v2\/media?parent=4627"}],"wp:term":[{"taxonomy":"product_brand","embeddable":true,"href":"https:\/\/carosung.com\/fr\/wp-json\/wp\/v2\/product_brand?post=4627"},{"taxonomy":"product_cat","embeddable":true,"href":"https:\/\/carosung.com\/fr\/wp-json\/wp\/v2\/product_cat?post=4627"},{"taxonomy":"product_tag","embeddable":true,"href":"https:\/\/carosung.com\/fr\/wp-json\/wp\/v2\/product_tag?post=4627"}],"curies":[{"name":"wp","href":"https:\/\/api.w.org\/{rel}","templated":true}]}}