{"id":4566,"date":"2025-12-23T17:03:01","date_gmt":"2025-12-23T09:03:01","guid":{"rendered":"https:\/\/carosung.com\/product\/crochet-a-pression-de-luxe-durable-de-differentes-tailles\/"},"modified":"2025-12-23T17:03:01","modified_gmt":"2025-12-23T09:03:01","slug":"crochet-a-pression-de-luxe-durable-de-differentes-tailles","status":"publish","type":"product","link":"https:\/\/carosung.com\/fr\/produit\/crochet-a-pression-de-luxe-durable-de-differentes-tailles\/","title":{"rendered":"Crochet \u00e0 pression de luxe durable de diff\u00e9rentes tailles"},"content":{"rendered":"","protected":false},"excerpt":{"rendered":"<p>Mat\u00e9riau : Acier<\/p>\n<p>inoxydable Couleur : Or, argent<\/p>\n<p>Argent : int\u00e9rieur 13mm, 16mm, 20mm<\/p>\n<p>Logo : Personnalisable<\/p>\n","protected":false},"featured_media":4543,"comment_status":"closed","ping_status":"closed","template":"","meta":{"_acf_changed":false},"product_brand":[],"product_cat":[198],"product_tag":[199,200],"class_list":{"0":"post-4566","1":"product","2":"type-product","3":"status-publish","4":"has-post-thumbnail","6":"product_cat-crochet-a-ressort","7":"product_tag-crochet-a-pression","8":"product_tag-crochet-pivotant","10":"first","11":"instock","12":"shipping-taxable","13":"product-type-variable"},"acf":[],"_links":{"self":[{"href":"https:\/\/carosung.com\/fr\/wp-json\/wp\/v2\/product\/4566","targetHints":{"allow":["GET"]}}],"collection":[{"href":"https:\/\/carosung.com\/fr\/wp-json\/wp\/v2\/product"}],"about":[{"href":"https:\/\/carosung.com\/fr\/wp-json\/wp\/v2\/types\/product"}],"replies":[{"embeddable":true,"href":"https:\/\/carosung.com\/fr\/wp-json\/wp\/v2\/comments?post=4566"}],"version-history":[{"count":0,"href":"https:\/\/carosung.com\/fr\/wp-json\/wp\/v2\/product\/4566\/revisions"}],"wp:featuredmedia":[{"embeddable":true,"href":"https:\/\/carosung.com\/fr\/wp-json\/wp\/v2\/media\/4543"}],"wp:attachment":[{"href":"https:\/\/carosung.com\/fr\/wp-json\/wp\/v2\/media?parent=4566"}],"wp:term":[{"taxonomy":"product_brand","embeddable":true,"href":"https:\/\/carosung.com\/fr\/wp-json\/wp\/v2\/product_brand?post=4566"},{"taxonomy":"product_cat","embeddable":true,"href":"https:\/\/carosung.com\/fr\/wp-json\/wp\/v2\/product_cat?post=4566"},{"taxonomy":"product_tag","embeddable":true,"href":"https:\/\/carosung.com\/fr\/wp-json\/wp\/v2\/product_tag?post=4566"}],"curies":[{"name":"wp","href":"https:\/\/api.w.org\/{rel}","templated":true}]}}