{"id":4480,"date":"2025-12-22T17:48:42","date_gmt":"2025-12-22T09:48:42","guid":{"rendered":"https:\/\/carosung.com\/product\/chaines-en-acier-inoxydable-pour-la-sangle-a-main\/"},"modified":"2025-12-22T17:48:42","modified_gmt":"2025-12-22T09:48:42","slug":"chaines-en-acier-inoxydable-pour-la-sangle-a-main","status":"publish","type":"product","link":"https:\/\/carosung.com\/fr\/produit\/chaines-en-acier-inoxydable-pour-la-sangle-a-main\/","title":{"rendered":"Cha\u00eenes en acier inoxydable pour la sangle \u00e0 main"},"content":{"rendered":"","protected":false},"excerpt":{"rendered":"<p>Mat\u00e9riau : Acier<\/p>\n<p>inoxydable Taille : 5 mm, 6,5 mm, 8 mm<\/p>\n<p>Couleur : Mirro Polished Silver \/ 24K Rev\u00eatement PVD Gold<\/p>\n","protected":false},"featured_media":4379,"comment_status":"closed","ping_status":"closed","template":"","meta":{"_acf_changed":false},"product_brand":[],"product_cat":[233,80],"product_tag":[236,234],"class_list":{"0":"post-4480","1":"product","2":"type-product","3":"status-publish","4":"has-post-thumbnail","6":"product_cat-chaine-de-sac","7":"product_cat-accessoires-de-maroquinerie","8":"product_tag-chaine","9":"product_tag-chaine-de-sac","11":"first","12":"instock","13":"shipping-taxable","14":"product-type-simple"},"acf":[],"_links":{"self":[{"href":"https:\/\/carosung.com\/fr\/wp-json\/wp\/v2\/product\/4480","targetHints":{"allow":["GET"]}}],"collection":[{"href":"https:\/\/carosung.com\/fr\/wp-json\/wp\/v2\/product"}],"about":[{"href":"https:\/\/carosung.com\/fr\/wp-json\/wp\/v2\/types\/product"}],"replies":[{"embeddable":true,"href":"https:\/\/carosung.com\/fr\/wp-json\/wp\/v2\/comments?post=4480"}],"version-history":[{"count":0,"href":"https:\/\/carosung.com\/fr\/wp-json\/wp\/v2\/product\/4480\/revisions"}],"wp:featuredmedia":[{"embeddable":true,"href":"https:\/\/carosung.com\/fr\/wp-json\/wp\/v2\/media\/4379"}],"wp:attachment":[{"href":"https:\/\/carosung.com\/fr\/wp-json\/wp\/v2\/media?parent=4480"}],"wp:term":[{"taxonomy":"product_brand","embeddable":true,"href":"https:\/\/carosung.com\/fr\/wp-json\/wp\/v2\/product_brand?post=4480"},{"taxonomy":"product_cat","embeddable":true,"href":"https:\/\/carosung.com\/fr\/wp-json\/wp\/v2\/product_cat?post=4480"},{"taxonomy":"product_tag","embeddable":true,"href":"https:\/\/carosung.com\/fr\/wp-json\/wp\/v2\/product_tag?post=4480"}],"curies":[{"name":"wp","href":"https:\/\/api.w.org\/{rel}","templated":true}]}}