{"id":4393,"date":"2025-12-22T16:11:36","date_gmt":"2025-12-22T08:11:36","guid":{"rendered":"https:\/\/carosung.com\/product\/fermetures-eclair-en-alliage-de-zinc-premium-pour-sac-a-main\/"},"modified":"2025-12-22T16:11:36","modified_gmt":"2025-12-22T08:11:36","slug":"fermetures-eclair-en-alliage-de-zinc-premium-pour-sac-a-main","status":"publish","type":"product","link":"https:\/\/carosung.com\/fr\/produit\/fermetures-eclair-en-alliage-de-zinc-premium-pour-sac-a-main\/","title":{"rendered":"Fermetures \u00e9clair en alliage de zinc premium pour sac \u00e0 main"},"content":{"rendered":"","protected":false},"excerpt":{"rendered":"<p>Mat\u00e9riau : alliage<\/p>\n<p>de zinc Couleur : or 18 carats, or<\/p>\n<p>24 carats Taille : fermeture \u00e9clair 3#\/5# disponible<\/p>\n<p>MOQ personnalis\u00e9 : 500 pi\u00e8ces<\/p>\n","protected":false},"featured_media":4273,"comment_status":"closed","ping_status":"closed","template":"","meta":{"_acf_changed":false},"product_brand":[],"product_cat":[213,80],"product_tag":[232,231],"class_list":{"0":"post-4393","1":"product","2":"type-product","3":"status-publish","4":"has-post-thumbnail","6":"product_cat-fermeture-eclair","7":"product_cat-accessoires-de-maroquinerie","8":"product_tag-fermeture-eclair-de-sac","9":"product_tag-quincaillerie-de-sac","11":"first","12":"instock","13":"shipping-taxable","14":"purchasable","15":"product-type-variable"},"acf":[],"_links":{"self":[{"href":"https:\/\/carosung.com\/fr\/wp-json\/wp\/v2\/product\/4393","targetHints":{"allow":["GET"]}}],"collection":[{"href":"https:\/\/carosung.com\/fr\/wp-json\/wp\/v2\/product"}],"about":[{"href":"https:\/\/carosung.com\/fr\/wp-json\/wp\/v2\/types\/product"}],"replies":[{"embeddable":true,"href":"https:\/\/carosung.com\/fr\/wp-json\/wp\/v2\/comments?post=4393"}],"version-history":[{"count":0,"href":"https:\/\/carosung.com\/fr\/wp-json\/wp\/v2\/product\/4393\/revisions"}],"wp:featuredmedia":[{"embeddable":true,"href":"https:\/\/carosung.com\/fr\/wp-json\/wp\/v2\/media\/4273"}],"wp:attachment":[{"href":"https:\/\/carosung.com\/fr\/wp-json\/wp\/v2\/media?parent=4393"}],"wp:term":[{"taxonomy":"product_brand","embeddable":true,"href":"https:\/\/carosung.com\/fr\/wp-json\/wp\/v2\/product_brand?post=4393"},{"taxonomy":"product_cat","embeddable":true,"href":"https:\/\/carosung.com\/fr\/wp-json\/wp\/v2\/product_cat?post=4393"},{"taxonomy":"product_tag","embeddable":true,"href":"https:\/\/carosung.com\/fr\/wp-json\/wp\/v2\/product_tag?post=4393"}],"curies":[{"name":"wp","href":"https:\/\/api.w.org\/{rel}","templated":true}]}}