{"id":4076,"date":"2025-12-20T17:28:02","date_gmt":"2025-12-20T09:28:02","guid":{"rendered":"https:\/\/carosung.com\/?post_type=product&#038;p=4076"},"modified":"2025-12-20T17:30:25","modified_gmt":"2025-12-20T09:30:25","slug":"boucle-a-fil-plat-decoupe-au-laser-anneau-coulissant-zero-meule-copy","status":"publish","type":"product","link":"https:\/\/carosung.com\/fr\/produit\/boucle-a-fil-plat-decoupe-au-laser-anneau-coulissant-zero-meule-copy\/","title":{"rendered":"Boucle \u00e0 fil plat argent\u00e9 pour sac \u00e0 main l\u00e9ger et de luxe"},"content":{"rendered":"","protected":false},"excerpt":{"rendered":"<p>Mat\u00e9riau : acier<\/p>\n<p>inoxydable Taille : 20 mm<\/p>\n<p>Couleur : argent \/ or \/ couleur<\/p>\n<p>personnalis\u00e9e Logo : logo<\/p>\n<p>personnalis\u00e9 Plaque : plaque PVD<\/p>\n","protected":false},"featured_media":4081,"comment_status":"closed","ping_status":"closed","template":"","meta":{"_acf_changed":false},"product_brand":[],"product_cat":[80,86],"product_tag":[],"class_list":{"0":"post-4076","1":"product","2":"type-product","3":"status-publish","4":"has-post-thumbnail","6":"product_cat-accessoires-de-maroquinerie","7":"product_cat-bagues","9":"first","10":"instock","11":"shipping-taxable","12":"product-type-variable"},"acf":[],"_links":{"self":[{"href":"https:\/\/carosung.com\/fr\/wp-json\/wp\/v2\/product\/4076","targetHints":{"allow":["GET"]}}],"collection":[{"href":"https:\/\/carosung.com\/fr\/wp-json\/wp\/v2\/product"}],"about":[{"href":"https:\/\/carosung.com\/fr\/wp-json\/wp\/v2\/types\/product"}],"replies":[{"embeddable":true,"href":"https:\/\/carosung.com\/fr\/wp-json\/wp\/v2\/comments?post=4076"}],"version-history":[{"count":2,"href":"https:\/\/carosung.com\/fr\/wp-json\/wp\/v2\/product\/4076\/revisions"}],"predecessor-version":[{"id":4095,"href":"https:\/\/carosung.com\/fr\/wp-json\/wp\/v2\/product\/4076\/revisions\/4095"}],"wp:featuredmedia":[{"embeddable":true,"href":"https:\/\/carosung.com\/fr\/wp-json\/wp\/v2\/media\/4081"}],"wp:attachment":[{"href":"https:\/\/carosung.com\/fr\/wp-json\/wp\/v2\/media?parent=4076"}],"wp:term":[{"taxonomy":"product_brand","embeddable":true,"href":"https:\/\/carosung.com\/fr\/wp-json\/wp\/v2\/product_brand?post=4076"},{"taxonomy":"product_cat","embeddable":true,"href":"https:\/\/carosung.com\/fr\/wp-json\/wp\/v2\/product_cat?post=4076"},{"taxonomy":"product_tag","embeddable":true,"href":"https:\/\/carosung.com\/fr\/wp-json\/wp\/v2\/product_tag?post=4076"}],"curies":[{"name":"wp","href":"https:\/\/api.w.org\/{rel}","templated":true}]}}