{"id":3765,"date":"2025-12-20T15:40:54","date_gmt":"2025-12-20T07:40:54","guid":{"rendered":"https:\/\/carosung.com\/?post_type=product&#038;p=3765"},"modified":"2025-12-20T15:44:30","modified_gmt":"2025-12-20T07:44:30","slug":"boucle-rectangulaire-en-acier-inoxydable-eco-sans-nickel-copy","status":"publish","type":"product","link":"https:\/\/carosung.com\/fr\/produit\/boucle-rectangulaire-en-acier-inoxydable-eco-sans-nickel-copy\/","title":{"rendered":"Anneau rectangulaire \u00e0 attache rapide pour bagages et sacs \u00e0 dos"},"content":{"rendered":"","protected":false},"excerpt":{"rendered":"<p>Mat\u00e9riau : acier<\/p>\n<p>inoxydable Taille : 25 mm \/ 31 mm \/ 38 mm<\/p>\n<p>Couleur : argent \/ or \/ couleur<\/p>\n<p>personnalis\u00e9e Logo : logo<\/p>\n<p>personnalis\u00e9 Certificat : ISO 9001<\/p>\n","protected":false},"featured_media":3778,"comment_status":"closed","ping_status":"closed","template":"","meta":{"_acf_changed":false},"product_brand":[],"product_cat":[80,86],"product_tag":[],"class_list":{"0":"post-3765","1":"product","2":"type-product","3":"status-publish","4":"has-post-thumbnail","6":"product_cat-accessoires-de-maroquinerie","7":"product_cat-bagues","9":"first","10":"instock","11":"shipping-taxable","12":"product-type-variable"},"acf":[],"_links":{"self":[{"href":"https:\/\/carosung.com\/fr\/wp-json\/wp\/v2\/product\/3765","targetHints":{"allow":["GET"]}}],"collection":[{"href":"https:\/\/carosung.com\/fr\/wp-json\/wp\/v2\/product"}],"about":[{"href":"https:\/\/carosung.com\/fr\/wp-json\/wp\/v2\/types\/product"}],"replies":[{"embeddable":true,"href":"https:\/\/carosung.com\/fr\/wp-json\/wp\/v2\/comments?post=3765"}],"version-history":[{"count":2,"href":"https:\/\/carosung.com\/fr\/wp-json\/wp\/v2\/product\/3765\/revisions"}],"predecessor-version":[{"id":3797,"href":"https:\/\/carosung.com\/fr\/wp-json\/wp\/v2\/product\/3765\/revisions\/3797"}],"wp:featuredmedia":[{"embeddable":true,"href":"https:\/\/carosung.com\/fr\/wp-json\/wp\/v2\/media\/3778"}],"wp:attachment":[{"href":"https:\/\/carosung.com\/fr\/wp-json\/wp\/v2\/media?parent=3765"}],"wp:term":[{"taxonomy":"product_brand","embeddable":true,"href":"https:\/\/carosung.com\/fr\/wp-json\/wp\/v2\/product_brand?post=3765"},{"taxonomy":"product_cat","embeddable":true,"href":"https:\/\/carosung.com\/fr\/wp-json\/wp\/v2\/product_cat?post=3765"},{"taxonomy":"product_tag","embeddable":true,"href":"https:\/\/carosung.com\/fr\/wp-json\/wp\/v2\/product_tag?post=3765"}],"curies":[{"name":"wp","href":"https:\/\/api.w.org\/{rel}","templated":true}]}}