{"id":3693,"date":"2025-12-20T14:43:28","date_gmt":"2025-12-20T06:43:28","guid":{"rendered":"https:\/\/carosung.com\/?post_type=product&#038;p=3693"},"modified":"2025-12-20T15:02:43","modified_gmt":"2025-12-20T07:02:43","slug":"anneau-rectangulaire-de-luxe-avec-cirage-miroir-copy","status":"publish","type":"product","link":"https:\/\/carosung.com\/fr\/produit\/anneau-rectangulaire-de-luxe-avec-cirage-miroir-copy\/","title":{"rendered":"Boucle rectangulaire en acier inoxydable personnalis\u00e9e avec logo personnalis\u00e9, mat\u00e9riel d\u2019affichage haut de gamme pour sacs de cr\u00e9ateurs"},"content":{"rendered":"","protected":false},"excerpt":{"rendered":"<p>Mat\u00e9riau : acier<\/p>\n<p>inoxydable Taille : 20,5 mm<\/p>\n<p>Couleur : argent \/ or \/ couleur<\/p>\n<p>personnalis\u00e9e Logo : logo<\/p>\n<p>personnalis\u00e9 Certificat : ISO 9001<\/p>\n","protected":false},"featured_media":3729,"comment_status":"closed","ping_status":"closed","template":"","meta":{"_acf_changed":false},"product_brand":[],"product_cat":[80,86],"product_tag":[],"class_list":{"0":"post-3693","1":"product","2":"type-product","3":"status-publish","4":"has-post-thumbnail","6":"product_cat-accessoires-de-maroquinerie","7":"product_cat-bagues","9":"first","10":"instock","11":"shipping-taxable","12":"product-type-variable"},"acf":[],"_links":{"self":[{"href":"https:\/\/carosung.com\/fr\/wp-json\/wp\/v2\/product\/3693","targetHints":{"allow":["GET"]}}],"collection":[{"href":"https:\/\/carosung.com\/fr\/wp-json\/wp\/v2\/product"}],"about":[{"href":"https:\/\/carosung.com\/fr\/wp-json\/wp\/v2\/types\/product"}],"replies":[{"embeddable":true,"href":"https:\/\/carosung.com\/fr\/wp-json\/wp\/v2\/comments?post=3693"}],"version-history":[{"count":3,"href":"https:\/\/carosung.com\/fr\/wp-json\/wp\/v2\/product\/3693\/revisions"}],"predecessor-version":[{"id":3737,"href":"https:\/\/carosung.com\/fr\/wp-json\/wp\/v2\/product\/3693\/revisions\/3737"}],"wp:featuredmedia":[{"embeddable":true,"href":"https:\/\/carosung.com\/fr\/wp-json\/wp\/v2\/media\/3729"}],"wp:attachment":[{"href":"https:\/\/carosung.com\/fr\/wp-json\/wp\/v2\/media?parent=3693"}],"wp:term":[{"taxonomy":"product_brand","embeddable":true,"href":"https:\/\/carosung.com\/fr\/wp-json\/wp\/v2\/product_brand?post=3693"},{"taxonomy":"product_cat","embeddable":true,"href":"https:\/\/carosung.com\/fr\/wp-json\/wp\/v2\/product_cat?post=3693"},{"taxonomy":"product_tag","embeddable":true,"href":"https:\/\/carosung.com\/fr\/wp-json\/wp\/v2\/product_tag?post=3693"}],"curies":[{"name":"wp","href":"https:\/\/api.w.org\/{rel}","templated":true}]}}