{"id":3558,"date":"2025-12-19T17:51:27","date_gmt":"2025-12-19T09:51:27","guid":{"rendered":"https:\/\/carosung.com\/product\/crochet-a-pression-en-acier-inoxydable-de-qualite-superieure\/"},"modified":"2026-01-03T16:29:25","modified_gmt":"2026-01-03T08:29:25","slug":"crochet-a-pression-en-acier-inoxydable-de-qualite-superieure","status":"publish","type":"product","link":"https:\/\/carosung.com\/fr\/produit\/crochet-a-pression-en-acier-inoxydable-de-qualite-superieure\/","title":{"rendered":"Crochet \u00e0 pression en acier inoxydable de qualit\u00e9 sup\u00e9rieure"},"content":{"rendered":"","protected":false},"excerpt":{"rendered":"<p>Mat\u00e9riau : Inox<\/p>\n<p>Couleur : Or, argent<\/p>\n<p>Taille : int\u00e9rieur 9mm, 12mm, 16mm, 20mm<\/p>\n","protected":false},"featured_media":6133,"comment_status":"closed","ping_status":"closed","template":"","meta":{"_acf_changed":false},"product_brand":[],"product_cat":[198],"product_tag":[199,200],"class_list":{"0":"post-3558","1":"product","2":"type-product","3":"status-publish","4":"has-post-thumbnail","6":"product_cat-crochet-a-ressort","7":"product_tag-crochet-a-pression","8":"product_tag-crochet-pivotant","10":"first","11":"instock","12":"shipping-taxable","13":"product-type-variable"},"acf":[],"_links":{"self":[{"href":"https:\/\/carosung.com\/fr\/wp-json\/wp\/v2\/product\/3558","targetHints":{"allow":["GET"]}}],"collection":[{"href":"https:\/\/carosung.com\/fr\/wp-json\/wp\/v2\/product"}],"about":[{"href":"https:\/\/carosung.com\/fr\/wp-json\/wp\/v2\/types\/product"}],"replies":[{"embeddable":true,"href":"https:\/\/carosung.com\/fr\/wp-json\/wp\/v2\/comments?post=3558"}],"version-history":[{"count":1,"href":"https:\/\/carosung.com\/fr\/wp-json\/wp\/v2\/product\/3558\/revisions"}],"predecessor-version":[{"id":6188,"href":"https:\/\/carosung.com\/fr\/wp-json\/wp\/v2\/product\/3558\/revisions\/6188"}],"wp:featuredmedia":[{"embeddable":true,"href":"https:\/\/carosung.com\/fr\/wp-json\/wp\/v2\/media\/6133"}],"wp:attachment":[{"href":"https:\/\/carosung.com\/fr\/wp-json\/wp\/v2\/media?parent=3558"}],"wp:term":[{"taxonomy":"product_brand","embeddable":true,"href":"https:\/\/carosung.com\/fr\/wp-json\/wp\/v2\/product_brand?post=3558"},{"taxonomy":"product_cat","embeddable":true,"href":"https:\/\/carosung.com\/fr\/wp-json\/wp\/v2\/product_cat?post=3558"},{"taxonomy":"product_tag","embeddable":true,"href":"https:\/\/carosung.com\/fr\/wp-json\/wp\/v2\/product_tag?post=3558"}],"curies":[{"name":"wp","href":"https:\/\/api.w.org\/{rel}","templated":true}]}}