{"id":3517,"date":"2025-12-19T15:27:13","date_gmt":"2025-12-19T07:27:13","guid":{"rendered":"https:\/\/carosung.com\/product\/rivets-de-tortine-a-vis-a-vis-a-la-tete-de-bille-a-rotule-rivets-de-mamelon\/"},"modified":"2025-12-19T15:27:13","modified_gmt":"2025-12-19T07:27:13","slug":"rivets-de-tortine-a-vis-a-vis-a-la-tete-de-bille-a-rotule-rivets-de-mamelon","status":"publish","type":"product","link":"https:\/\/carosung.com\/fr\/produit\/rivets-de-tortine-a-vis-a-vis-a-la-tete-de-bille-a-rotule-rivets-de-mamelon\/","title":{"rendered":"Rivets de tortine \u00e0 vis \u00e0 vis \u00e0 la t\u00eate de bille \u00e0 rotule, rivets de mamelon"},"content":{"rendered":"","protected":false},"excerpt":{"rendered":"<p>Mat\u00e9riau : Acier<\/p>\n<p>inoxydable Couleur : Or \/ Argent \/ Noir mat<\/p>\n","protected":false},"featured_media":3473,"comment_status":"closed","ping_status":"closed","template":"","meta":{"_acf_changed":false},"product_brand":[],"product_cat":[190,80],"product_tag":[136,194,195,193,191,192],"class_list":{"0":"post-3517","1":"product","2":"type-product","3":"status-publish","4":"has-post-thumbnail","6":"product_cat-rivet","7":"product_cat-accessoires-de-maroquinerie","8":"product_tag-accessoires-de-sac","9":"product_tag-bouton-a-tete-ronde","10":"product_tag-clocan-a-tete-de-boule","11":"product_tag-etalon","12":"product_tag-rivet","13":"product_tag-rivet-de-sac","15":"first","16":"instock","17":"shipping-taxable","18":"product-type-simple"},"acf":[],"_links":{"self":[{"href":"https:\/\/carosung.com\/fr\/wp-json\/wp\/v2\/product\/3517","targetHints":{"allow":["GET"]}}],"collection":[{"href":"https:\/\/carosung.com\/fr\/wp-json\/wp\/v2\/product"}],"about":[{"href":"https:\/\/carosung.com\/fr\/wp-json\/wp\/v2\/types\/product"}],"replies":[{"embeddable":true,"href":"https:\/\/carosung.com\/fr\/wp-json\/wp\/v2\/comments?post=3517"}],"version-history":[{"count":0,"href":"https:\/\/carosung.com\/fr\/wp-json\/wp\/v2\/product\/3517\/revisions"}],"wp:featuredmedia":[{"embeddable":true,"href":"https:\/\/carosung.com\/fr\/wp-json\/wp\/v2\/media\/3473"}],"wp:attachment":[{"href":"https:\/\/carosung.com\/fr\/wp-json\/wp\/v2\/media?parent=3517"}],"wp:term":[{"taxonomy":"product_brand","embeddable":true,"href":"https:\/\/carosung.com\/fr\/wp-json\/wp\/v2\/product_brand?post=3517"},{"taxonomy":"product_cat","embeddable":true,"href":"https:\/\/carosung.com\/fr\/wp-json\/wp\/v2\/product_cat?post=3517"},{"taxonomy":"product_tag","embeddable":true,"href":"https:\/\/carosung.com\/fr\/wp-json\/wp\/v2\/product_tag?post=3517"}],"curies":[{"name":"wp","href":"https:\/\/api.w.org\/{rel}","templated":true}]}}