{"id":3434,"date":"2025-12-19T15:12:54","date_gmt":"2025-12-19T07:12:54","guid":{"rendered":"https:\/\/carosung.com\/?post_type=product&#038;p=3434"},"modified":"2025-12-19T15:19:27","modified_gmt":"2025-12-19T07:19:27","slug":"ss-d-ring-brosse-ou-miroir-laser-logo-personnalise-en-24-heures-copy","status":"publish","type":"product","link":"https:\/\/carosung.com\/fr\/produit\/ss-d-ring-brosse-ou-miroir-laser-logo-personnalise-en-24-heures-copy\/","title":{"rendered":"Anneau en D SS \u00e0 bord carr\u00e9 pour sacs"},"content":{"rendered":"","protected":false},"excerpt":{"rendered":"<p>Mat\u00e9riau : acier<\/p>\n<p>inoxydable Taille : 20mm<\/p>\n<p>Couleur : argent \/ or\/couleur personnalis\u00e9e<\/p>\n<p>Logo : logo<\/p>\n<p>personnalis\u00e9 Certificat : ISO 9001<\/p>\n<p>&nbsp;<\/p>\n","protected":false},"featured_media":3437,"comment_status":"closed","ping_status":"closed","template":"","meta":{"_acf_changed":false},"product_brand":[],"product_cat":[80,86],"product_tag":[],"class_list":{"0":"post-3434","1":"product","2":"type-product","3":"status-publish","4":"has-post-thumbnail","6":"product_cat-accessoires-de-maroquinerie","7":"product_cat-bagues","9":"first","10":"instock","11":"shipping-taxable","12":"product-type-simple"},"acf":[],"_links":{"self":[{"href":"https:\/\/carosung.com\/fr\/wp-json\/wp\/v2\/product\/3434","targetHints":{"allow":["GET"]}}],"collection":[{"href":"https:\/\/carosung.com\/fr\/wp-json\/wp\/v2\/product"}],"about":[{"href":"https:\/\/carosung.com\/fr\/wp-json\/wp\/v2\/types\/product"}],"replies":[{"embeddable":true,"href":"https:\/\/carosung.com\/fr\/wp-json\/wp\/v2\/comments?post=3434"}],"version-history":[{"count":2,"href":"https:\/\/carosung.com\/fr\/wp-json\/wp\/v2\/product\/3434\/revisions"}],"predecessor-version":[{"id":3461,"href":"https:\/\/carosung.com\/fr\/wp-json\/wp\/v2\/product\/3434\/revisions\/3461"}],"wp:featuredmedia":[{"embeddable":true,"href":"https:\/\/carosung.com\/fr\/wp-json\/wp\/v2\/media\/3437"}],"wp:attachment":[{"href":"https:\/\/carosung.com\/fr\/wp-json\/wp\/v2\/media?parent=3434"}],"wp:term":[{"taxonomy":"product_brand","embeddable":true,"href":"https:\/\/carosung.com\/fr\/wp-json\/wp\/v2\/product_brand?post=3434"},{"taxonomy":"product_cat","embeddable":true,"href":"https:\/\/carosung.com\/fr\/wp-json\/wp\/v2\/product_cat?post=3434"},{"taxonomy":"product_tag","embeddable":true,"href":"https:\/\/carosung.com\/fr\/wp-json\/wp\/v2\/product_tag?post=3434"}],"curies":[{"name":"wp","href":"https:\/\/api.w.org\/{rel}","templated":true}]}}