{"id":3256,"date":"2025-12-19T11:45:38","date_gmt":"2025-12-19T03:45:38","guid":{"rendered":"https:\/\/carosung.com\/?post_type=product&#038;p=3256"},"modified":"2025-12-19T11:49:13","modified_gmt":"2025-12-19T03:49:13","slug":"anneau-en-d-en-demi-cercle-en-acier-inoxydable-copy","status":"publish","type":"product","link":"https:\/\/carosung.com\/fr\/produit\/anneau-en-d-en-demi-cercle-en-acier-inoxydable-copy\/","title":{"rendered":"Bag Lux D-Ring pour rev\u00eatement PVD zipp\u00e9, sans danger 48h pour le spray de sel"},"content":{"rendered":"","protected":false},"excerpt":{"rendered":"<p>Mat\u00e9riau : Acier<\/p>\n<p>inoxydable Taille : 9 mm\/11 mm<\/p>\n<p>Couleur : or\/argent\/couleur personnalis\u00e9e<\/p>\n<p>Plaque : PVD<\/p>\n<p>Temps d\u2019\u00e9chantillonnage : 1-3 jours<\/p>\n","protected":false},"featured_media":3279,"comment_status":"closed","ping_status":"closed","template":"","meta":{"_acf_changed":false},"product_brand":[],"product_cat":[80,86],"product_tag":[],"class_list":{"0":"post-3256","1":"product","2":"type-product","3":"status-publish","4":"has-post-thumbnail","6":"product_cat-accessoires-de-maroquinerie","7":"product_cat-bagues","9":"first","10":"instock","11":"shipping-taxable","12":"product-type-simple"},"acf":[],"_links":{"self":[{"href":"https:\/\/carosung.com\/fr\/wp-json\/wp\/v2\/product\/3256","targetHints":{"allow":["GET"]}}],"collection":[{"href":"https:\/\/carosung.com\/fr\/wp-json\/wp\/v2\/product"}],"about":[{"href":"https:\/\/carosung.com\/fr\/wp-json\/wp\/v2\/types\/product"}],"replies":[{"embeddable":true,"href":"https:\/\/carosung.com\/fr\/wp-json\/wp\/v2\/comments?post=3256"}],"version-history":[{"count":2,"href":"https:\/\/carosung.com\/fr\/wp-json\/wp\/v2\/product\/3256\/revisions"}],"predecessor-version":[{"id":3286,"href":"https:\/\/carosung.com\/fr\/wp-json\/wp\/v2\/product\/3256\/revisions\/3286"}],"wp:featuredmedia":[{"embeddable":true,"href":"https:\/\/carosung.com\/fr\/wp-json\/wp\/v2\/media\/3279"}],"wp:attachment":[{"href":"https:\/\/carosung.com\/fr\/wp-json\/wp\/v2\/media?parent=3256"}],"wp:term":[{"taxonomy":"product_brand","embeddable":true,"href":"https:\/\/carosung.com\/fr\/wp-json\/wp\/v2\/product_brand?post=3256"},{"taxonomy":"product_cat","embeddable":true,"href":"https:\/\/carosung.com\/fr\/wp-json\/wp\/v2\/product_cat?post=3256"},{"taxonomy":"product_tag","embeddable":true,"href":"https:\/\/carosung.com\/fr\/wp-json\/wp\/v2\/product_tag?post=3256"}],"curies":[{"name":"wp","href":"https:\/\/api.w.org\/{rel}","templated":true}]}}