{"id":3025,"date":"2025-12-19T09:39:05","date_gmt":"2025-12-19T01:39:05","guid":{"rendered":"https:\/\/carosung.com\/?post_type=product&#038;p=3025"},"modified":"2025-12-19T10:05:18","modified_gmt":"2025-12-19T02:05:18","slug":"anneau-d-en-acier-inoxydable-carosung-logo-pret-pour-le-laser-copy","status":"publish","type":"product","link":"https:\/\/carosung.com\/fr\/produit\/anneau-d-en-acier-inoxydable-carosung-logo-pret-pour-le-laser-copy\/","title":{"rendered":"Anneau en D de luxe plac\u00e9 sous vide pour fermeture \u00e9clair"},"content":{"rendered":"","protected":false},"excerpt":{"rendered":"<p>Mat\u00e9riau : Acier<\/p>\n<p>inoxydable Taille : 7 mm\/ 9,5 mm\/ 12 mm<\/p>\n<p>Couleur : or\/argent\/couleur<\/p>\n<p>personnalis\u00e9e Plaquage : PVD<\/p>\n<p>Temps d\u2019\u00e9chantillonnage : 1-3 jours<\/p>\n","protected":false},"featured_media":3040,"comment_status":"closed","ping_status":"closed","template":"","meta":{"_acf_changed":false},"product_brand":[],"product_cat":[80,86],"product_tag":[],"class_list":{"0":"post-3025","1":"product","2":"type-product","3":"status-publish","4":"has-post-thumbnail","6":"product_cat-accessoires-de-maroquinerie","7":"product_cat-bagues","9":"first","10":"instock","11":"shipping-taxable","12":"product-type-simple"},"acf":[],"_links":{"self":[{"href":"https:\/\/carosung.com\/fr\/wp-json\/wp\/v2\/product\/3025","targetHints":{"allow":["GET"]}}],"collection":[{"href":"https:\/\/carosung.com\/fr\/wp-json\/wp\/v2\/product"}],"about":[{"href":"https:\/\/carosung.com\/fr\/wp-json\/wp\/v2\/types\/product"}],"replies":[{"embeddable":true,"href":"https:\/\/carosung.com\/fr\/wp-json\/wp\/v2\/comments?post=3025"}],"version-history":[{"count":2,"href":"https:\/\/carosung.com\/fr\/wp-json\/wp\/v2\/product\/3025\/revisions"}],"predecessor-version":[{"id":3051,"href":"https:\/\/carosung.com\/fr\/wp-json\/wp\/v2\/product\/3025\/revisions\/3051"}],"wp:featuredmedia":[{"embeddable":true,"href":"https:\/\/carosung.com\/fr\/wp-json\/wp\/v2\/media\/3040"}],"wp:attachment":[{"href":"https:\/\/carosung.com\/fr\/wp-json\/wp\/v2\/media?parent=3025"}],"wp:term":[{"taxonomy":"product_brand","embeddable":true,"href":"https:\/\/carosung.com\/fr\/wp-json\/wp\/v2\/product_brand?post=3025"},{"taxonomy":"product_cat","embeddable":true,"href":"https:\/\/carosung.com\/fr\/wp-json\/wp\/v2\/product_cat?post=3025"},{"taxonomy":"product_tag","embeddable":true,"href":"https:\/\/carosung.com\/fr\/wp-json\/wp\/v2\/product_tag?post=3025"}],"curies":[{"name":"wp","href":"https:\/\/api.w.org\/{rel}","templated":true}]}}