{"id":2913,"date":"2025-12-18T15:25:20","date_gmt":"2025-12-18T07:25:20","guid":{"rendered":"https:\/\/carosung.com\/product\/sac-a-main-en-acier-de-luxe-avec-fermoir-a-serrure-tournante\/"},"modified":"2025-12-18T15:25:20","modified_gmt":"2025-12-18T07:25:20","slug":"sac-a-main-en-acier-de-luxe-avec-fermoir-a-serrure-tournante","status":"publish","type":"product","link":"https:\/\/carosung.com\/fr\/produit\/sac-a-main-en-acier-de-luxe-avec-fermoir-a-serrure-tournante\/","title":{"rendered":"Sac \u00e0 main en acier de luxe avec fermoir \u00e0 serrure tournante"},"content":{"rendered":"<p>Mat\u00e9riau : Acier<\/p>\n<p>inoxydable Couleur : Argent \/ Or<\/p>\n<p>Taille : 47*22 mm<\/p>\n","protected":false},"excerpt":{"rendered":"<p>Mat\u00e9riau : Acier inoxydable Couleur : Argent \/ Or Taille : 47*22 mm<\/p>\n","protected":false},"featured_media":5730,"comment_status":"closed","ping_status":"closed","template":"","meta":{"_acf_changed":false},"product_brand":[],"product_cat":[80,81],"product_tag":[136,154,150,153,135],"class_list":{"0":"post-2913","1":"product","2":"type-product","3":"status-publish","4":"has-post-thumbnail","6":"product_cat-accessoires-de-maroquinerie","7":"product_cat-fermoir-de-sac","8":"product_tag-accessoires-de-sac","9":"product_tag-agrafe","10":"product_tag-fermeture-de-sac","11":"product_tag-serrure","12":"product_tag-verrouillage-de-rotation","14":"first","15":"instock","16":"shipping-taxable","17":"product-type-variable"},"acf":[],"_links":{"self":[{"href":"https:\/\/carosung.com\/fr\/wp-json\/wp\/v2\/product\/2913","targetHints":{"allow":["GET"]}}],"collection":[{"href":"https:\/\/carosung.com\/fr\/wp-json\/wp\/v2\/product"}],"about":[{"href":"https:\/\/carosung.com\/fr\/wp-json\/wp\/v2\/types\/product"}],"replies":[{"embeddable":true,"href":"https:\/\/carosung.com\/fr\/wp-json\/wp\/v2\/comments?post=2913"}],"version-history":[{"count":0,"href":"https:\/\/carosung.com\/fr\/wp-json\/wp\/v2\/product\/2913\/revisions"}],"wp:featuredmedia":[{"embeddable":true,"href":"https:\/\/carosung.com\/fr\/wp-json\/wp\/v2\/media\/5730"}],"wp:attachment":[{"href":"https:\/\/carosung.com\/fr\/wp-json\/wp\/v2\/media?parent=2913"}],"wp:term":[{"taxonomy":"product_brand","embeddable":true,"href":"https:\/\/carosung.com\/fr\/wp-json\/wp\/v2\/product_brand?post=2913"},{"taxonomy":"product_cat","embeddable":true,"href":"https:\/\/carosung.com\/fr\/wp-json\/wp\/v2\/product_cat?post=2913"},{"taxonomy":"product_tag","embeddable":true,"href":"https:\/\/carosung.com\/fr\/wp-json\/wp\/v2\/product_tag?post=2913"}],"curies":[{"name":"wp","href":"https:\/\/api.w.org\/{rel}","templated":true}]}}