{"id":14112,"date":"2026-02-04T16:14:16","date_gmt":"2026-02-04T08:14:16","guid":{"rendered":"https:\/\/carosung.com\/product\/anneau-daccessoires-en-acier-inoxydable\/"},"modified":"2026-02-04T16:25:44","modified_gmt":"2026-02-04T08:25:44","slug":"anneau-daccessoires-en-acier-inoxydable","status":"publish","type":"product","link":"https:\/\/carosung.com\/fr\/produit\/anneau-daccessoires-en-acier-inoxydable\/","title":{"rendered":"Accessoires en acier inoxydable de haute qualit\u00e9 Crochet \u00e0 pression"},"content":{"rendered":"","protected":false},"excerpt":{"rendered":"<p>Mat\u00e9riau : Acier<\/p>\n<p>inoxydable Couleur : Argent<\/p>\n<p>Taille : 52 mm, 50 mm * 18 mm , 32 mm * 12 mm en stock<\/p>\n","protected":false},"featured_media":14095,"comment_status":"closed","ping_status":"closed","template":"","meta":{"_acf_changed":false},"product_brand":[],"product_cat":[198,80],"product_tag":[199,210],"class_list":{"0":"post-14112","1":"product","2":"type-product","3":"status-publish","4":"has-post-thumbnail","6":"product_cat-crochet-a-ressort","7":"product_cat-accessoires-de-maroquinerie","8":"product_tag-crochet-a-pression","9":"product_tag-crochet-a-ressort","11":"first","12":"instock","13":"shipping-taxable","14":"purchasable","15":"product-type-variable"},"acf":[],"_links":{"self":[{"href":"https:\/\/carosung.com\/fr\/wp-json\/wp\/v2\/product\/14112","targetHints":{"allow":["GET"]}}],"collection":[{"href":"https:\/\/carosung.com\/fr\/wp-json\/wp\/v2\/product"}],"about":[{"href":"https:\/\/carosung.com\/fr\/wp-json\/wp\/v2\/types\/product"}],"replies":[{"embeddable":true,"href":"https:\/\/carosung.com\/fr\/wp-json\/wp\/v2\/comments?post=14112"}],"version-history":[{"count":1,"href":"https:\/\/carosung.com\/fr\/wp-json\/wp\/v2\/product\/14112\/revisions"}],"predecessor-version":[{"id":14159,"href":"https:\/\/carosung.com\/fr\/wp-json\/wp\/v2\/product\/14112\/revisions\/14159"}],"wp:featuredmedia":[{"embeddable":true,"href":"https:\/\/carosung.com\/fr\/wp-json\/wp\/v2\/media\/14095"}],"wp:attachment":[{"href":"https:\/\/carosung.com\/fr\/wp-json\/wp\/v2\/media?parent=14112"}],"wp:term":[{"taxonomy":"product_brand","embeddable":true,"href":"https:\/\/carosung.com\/fr\/wp-json\/wp\/v2\/product_brand?post=14112"},{"taxonomy":"product_cat","embeddable":true,"href":"https:\/\/carosung.com\/fr\/wp-json\/wp\/v2\/product_cat?post=14112"},{"taxonomy":"product_tag","embeddable":true,"href":"https:\/\/carosung.com\/fr\/wp-json\/wp\/v2\/product_tag?post=14112"}],"curies":[{"name":"wp","href":"https:\/\/api.w.org\/{rel}","templated":true}]}}