{"id":11911,"date":"2026-01-29T15:44:15","date_gmt":"2026-01-29T07:44:15","guid":{"rendered":"https:\/\/carosung.com\/product\/boucles-a-epingles-en-or-anciennes-de-35-mm\/"},"modified":"2026-01-29T15:44:15","modified_gmt":"2026-01-29T07:44:15","slug":"boucles-a-epingles-en-or-anciennes-de-35-mm","status":"publish","type":"product","link":"https:\/\/carosung.com\/fr\/produit\/boucles-a-epingles-en-or-anciennes-de-35-mm\/","title":{"rendered":"Boucles \u00e0 \u00e9pingles en or anciennes de 35 mm"},"content":{"rendered":"","protected":false},"excerpt":{"rendered":"<p>Mat\u00e9riau : Alliage<\/p>\n<p>de zinc Couleur : Or<\/p>\n<p>antique MOQ : 300 pi\u00e8ces<\/p>\n","protected":false},"featured_media":11905,"comment_status":"closed","ping_status":"closed","template":"","meta":{"_acf_changed":false},"product_brand":[],"product_cat":[84,110],"product_tag":[677,650,675,651,676],"class_list":{"0":"post-11911","1":"product","2":"type-product","3":"status-publish","4":"has-post-thumbnail","6":"product_cat-boucles","7":"product_cat-boucles-a-ardillon","8":"product_tag-boucle-de-ceinture-ancienne","9":"product_tag-boucles","10":"product_tag-boucles-depingle","11":"product_tag-boucles-de-ceinture","12":"product_tag-boucles-de-ceinture-en-or-anciennes","14":"first","15":"instock","16":"shipping-taxable","17":"product-type-simple"},"acf":[],"_links":{"self":[{"href":"https:\/\/carosung.com\/fr\/wp-json\/wp\/v2\/product\/11911","targetHints":{"allow":["GET"]}}],"collection":[{"href":"https:\/\/carosung.com\/fr\/wp-json\/wp\/v2\/product"}],"about":[{"href":"https:\/\/carosung.com\/fr\/wp-json\/wp\/v2\/types\/product"}],"replies":[{"embeddable":true,"href":"https:\/\/carosung.com\/fr\/wp-json\/wp\/v2\/comments?post=11911"}],"version-history":[{"count":0,"href":"https:\/\/carosung.com\/fr\/wp-json\/wp\/v2\/product\/11911\/revisions"}],"wp:featuredmedia":[{"embeddable":true,"href":"https:\/\/carosung.com\/fr\/wp-json\/wp\/v2\/media\/11905"}],"wp:attachment":[{"href":"https:\/\/carosung.com\/fr\/wp-json\/wp\/v2\/media?parent=11911"}],"wp:term":[{"taxonomy":"product_brand","embeddable":true,"href":"https:\/\/carosung.com\/fr\/wp-json\/wp\/v2\/product_brand?post=11911"},{"taxonomy":"product_cat","embeddable":true,"href":"https:\/\/carosung.com\/fr\/wp-json\/wp\/v2\/product_cat?post=11911"},{"taxonomy":"product_tag","embeddable":true,"href":"https:\/\/carosung.com\/fr\/wp-json\/wp\/v2\/product_tag?post=11911"}],"curies":[{"name":"wp","href":"https:\/\/api.w.org\/{rel}","templated":true}]}}