{"id":11687,"date":"2026-01-29T10:12:31","date_gmt":"2026-01-29T02:12:31","guid":{"rendered":"https:\/\/carosung.com\/product\/crochet-a-pression-en-acier-inoxydable-de-haute-qualite\/"},"modified":"2026-01-29T10:12:31","modified_gmt":"2026-01-29T02:12:31","slug":"crochet-a-pression-en-acier-inoxydable-de-haute-qualite","status":"publish","type":"product","link":"https:\/\/carosung.com\/fr\/produit\/crochet-a-pression-en-acier-inoxydable-de-haute-qualite\/","title":{"rendered":"Crochet \u00e0 pression en acier inoxydable de haute qualit\u00e9"},"content":{"rendered":"","protected":false},"excerpt":{"rendered":"<p>Mat\u00e9riau : Acier<\/p>\n<p>inoxydable Couleur : Or, Argent<\/p>\n<p>Taille : 9mm, 12mm, 15mm, 20mm, 25mm en stock<\/p>\n","protected":false},"featured_media":11661,"comment_status":"closed","ping_status":"closed","template":"","meta":{"_acf_changed":false},"product_brand":[],"product_cat":[198],"product_tag":[199,200],"class_list":{"0":"post-11687","1":"product","2":"type-product","3":"status-publish","4":"has-post-thumbnail","6":"product_cat-crochet-a-ressort","7":"product_tag-crochet-a-pression","8":"product_tag-crochet-pivotant","10":"first","11":"instock","12":"shipping-taxable","13":"purchasable","14":"product-type-variable"},"acf":[],"_links":{"self":[{"href":"https:\/\/carosung.com\/fr\/wp-json\/wp\/v2\/product\/11687","targetHints":{"allow":["GET"]}}],"collection":[{"href":"https:\/\/carosung.com\/fr\/wp-json\/wp\/v2\/product"}],"about":[{"href":"https:\/\/carosung.com\/fr\/wp-json\/wp\/v2\/types\/product"}],"replies":[{"embeddable":true,"href":"https:\/\/carosung.com\/fr\/wp-json\/wp\/v2\/comments?post=11687"}],"version-history":[{"count":0,"href":"https:\/\/carosung.com\/fr\/wp-json\/wp\/v2\/product\/11687\/revisions"}],"wp:featuredmedia":[{"embeddable":true,"href":"https:\/\/carosung.com\/fr\/wp-json\/wp\/v2\/media\/11661"}],"wp:attachment":[{"href":"https:\/\/carosung.com\/fr\/wp-json\/wp\/v2\/media?parent=11687"}],"wp:term":[{"taxonomy":"product_brand","embeddable":true,"href":"https:\/\/carosung.com\/fr\/wp-json\/wp\/v2\/product_brand?post=11687"},{"taxonomy":"product_cat","embeddable":true,"href":"https:\/\/carosung.com\/fr\/wp-json\/wp\/v2\/product_cat?post=11687"},{"taxonomy":"product_tag","embeddable":true,"href":"https:\/\/carosung.com\/fr\/wp-json\/wp\/v2\/product_tag?post=11687"}],"curies":[{"name":"wp","href":"https:\/\/api.w.org\/{rel}","templated":true}]}}