{"id":11460,"date":"2026-01-28T14:28:53","date_gmt":"2026-01-28T06:28:53","guid":{"rendered":"https:\/\/carosung.com\/product\/bouton-magnetique-pour-soutiens-gorge-de-haute-qualite\/"},"modified":"2026-01-28T14:55:44","modified_gmt":"2026-01-28T06:55:44","slug":"bouton-magnetique-pour-soutiens-gorge-de-haute-qualite","status":"publish","type":"product","link":"https:\/\/carosung.com\/fr\/produit\/bouton-magnetique-pour-soutiens-gorge-de-haute-qualite\/","title":{"rendered":"Bouton magn\u00e9tique en acier inoxydable de haute qualit\u00e9"},"content":{"rendered":"","protected":false},"excerpt":{"rendered":"<p>Mat\u00e9riau : Acier<\/p>\n<p>inoxydable Couleur : Argent, Or<\/p>\n<p>Taille : 10 mm. 12 mm en stock<\/p>\n","protected":false},"featured_media":11429,"comment_status":"closed","ping_status":"closed","template":"","meta":{"_acf_changed":false},"product_brand":[],"product_cat":[252,80],"product_tag":[199,210],"class_list":{"0":"post-11460","1":"product","2":"type-product","3":"status-publish","4":"has-post-thumbnail","6":"product_cat-autres-accessoires-pour-sacs","7":"product_cat-accessoires-de-maroquinerie","8":"product_tag-crochet-a-pression","9":"product_tag-crochet-a-ressort","11":"first","12":"instock","13":"shipping-taxable","14":"purchasable","15":"product-type-variable"},"acf":[],"_links":{"self":[{"href":"https:\/\/carosung.com\/fr\/wp-json\/wp\/v2\/product\/11460","targetHints":{"allow":["GET"]}}],"collection":[{"href":"https:\/\/carosung.com\/fr\/wp-json\/wp\/v2\/product"}],"about":[{"href":"https:\/\/carosung.com\/fr\/wp-json\/wp\/v2\/types\/product"}],"replies":[{"embeddable":true,"href":"https:\/\/carosung.com\/fr\/wp-json\/wp\/v2\/comments?post=11460"}],"version-history":[{"count":1,"href":"https:\/\/carosung.com\/fr\/wp-json\/wp\/v2\/product\/11460\/revisions"}],"predecessor-version":[{"id":11508,"href":"https:\/\/carosung.com\/fr\/wp-json\/wp\/v2\/product\/11460\/revisions\/11508"}],"wp:featuredmedia":[{"embeddable":true,"href":"https:\/\/carosung.com\/fr\/wp-json\/wp\/v2\/media\/11429"}],"wp:attachment":[{"href":"https:\/\/carosung.com\/fr\/wp-json\/wp\/v2\/media?parent=11460"}],"wp:term":[{"taxonomy":"product_brand","embeddable":true,"href":"https:\/\/carosung.com\/fr\/wp-json\/wp\/v2\/product_brand?post=11460"},{"taxonomy":"product_cat","embeddable":true,"href":"https:\/\/carosung.com\/fr\/wp-json\/wp\/v2\/product_cat?post=11460"},{"taxonomy":"product_tag","embeddable":true,"href":"https:\/\/carosung.com\/fr\/wp-json\/wp\/v2\/product_tag?post=11460"}],"curies":[{"name":"wp","href":"https:\/\/api.w.org\/{rel}","templated":true}]}}