{"id":11290,"date":"2026-01-28T10:33:38","date_gmt":"2026-01-28T02:33:38","guid":{"rendered":"https:\/\/carosung.com\/product\/pont-relies-en-acier-inoxydable-de-haute-qualite\/"},"modified":"2026-01-28T10:33:38","modified_gmt":"2026-01-28T02:33:38","slug":"pont-relies-en-acier-inoxydable-de-haute-qualite","status":"publish","type":"product","link":"https:\/\/carosung.com\/fr\/produit\/pont-relies-en-acier-inoxydable-de-haute-qualite\/","title":{"rendered":"Pont reli\u00e9s en acier inoxydable de haute qualit\u00e9"},"content":{"rendered":"","protected":false},"excerpt":{"rendered":"<p>Mat\u00e9riau : Acier<\/p>\n<p>inoxydable Couleur : Argent, Or<\/p>\n","protected":false},"featured_media":11271,"comment_status":"closed","ping_status":"closed","template":"","meta":{"_acf_changed":false},"product_brand":[],"product_cat":[664,80],"product_tag":[199,210],"class_list":{"0":"post-11290","1":"product","2":"type-product","3":"status-publish","4":"has-post-thumbnail","6":"product_cat-pont","7":"product_cat-accessoires-de-maroquinerie","8":"product_tag-crochet-a-pression","9":"product_tag-crochet-a-ressort","11":"first","12":"instock","13":"shipping-taxable","14":"purchasable","15":"product-type-variable"},"acf":[],"_links":{"self":[{"href":"https:\/\/carosung.com\/fr\/wp-json\/wp\/v2\/product\/11290","targetHints":{"allow":["GET"]}}],"collection":[{"href":"https:\/\/carosung.com\/fr\/wp-json\/wp\/v2\/product"}],"about":[{"href":"https:\/\/carosung.com\/fr\/wp-json\/wp\/v2\/types\/product"}],"replies":[{"embeddable":true,"href":"https:\/\/carosung.com\/fr\/wp-json\/wp\/v2\/comments?post=11290"}],"version-history":[{"count":0,"href":"https:\/\/carosung.com\/fr\/wp-json\/wp\/v2\/product\/11290\/revisions"}],"wp:featuredmedia":[{"embeddable":true,"href":"https:\/\/carosung.com\/fr\/wp-json\/wp\/v2\/media\/11271"}],"wp:attachment":[{"href":"https:\/\/carosung.com\/fr\/wp-json\/wp\/v2\/media?parent=11290"}],"wp:term":[{"taxonomy":"product_brand","embeddable":true,"href":"https:\/\/carosung.com\/fr\/wp-json\/wp\/v2\/product_brand?post=11290"},{"taxonomy":"product_cat","embeddable":true,"href":"https:\/\/carosung.com\/fr\/wp-json\/wp\/v2\/product_cat?post=11290"},{"taxonomy":"product_tag","embeddable":true,"href":"https:\/\/carosung.com\/fr\/wp-json\/wp\/v2\/product_tag?post=11290"}],"curies":[{"name":"wp","href":"https:\/\/api.w.org\/{rel}","templated":true}]}}