{"id":2248,"date":"2025-08-12T11:08:17","date_gmt":"2025-08-12T03:08:17","guid":{"rendered":"https:\/\/carosung.com\/panier\/"},"modified":"2025-08-12T11:08:21","modified_gmt":"2025-08-12T03:08:21","slug":"panier","status":"publish","type":"page","link":"https:\/\/carosung.com\/fr\/panier\/","title":{"rendered":"Panier"},"content":{"rendered":"\n<div data-block-name=\"woocommerce\/cart\" class=\"wp-block-woocommerce-cart alignwide is-loading\">\n<div data-block-name=\"woocommerce\/filled-cart-block\" class=\"wp-block-woocommerce-filled-cart-block\">\n<div data-block-name=\"woocommerce\/cart-items-block\" class=\"wp-block-woocommerce-cart-items-block\">\n<div data-block-name=\"woocommerce\/cart-line-items-block\" class=\"wp-block-woocommerce-cart-line-items-block\"><\/div>\n\n\n\n<div data-block-name=\"woocommerce\/cart-cross-sells-block\" class=\"wp-block-woocommerce-cart-cross-sells-block\">\n<h2 class=\"wp-block-heading has-large-font-size\">\u00c7a peut vous int\u00e9resser&#8230;<\/h2>\n\n\n\n<div data-block-name=\"woocommerce\/cart-cross-sells-products-block\" class=\"wp-block-woocommerce-cart-cross-sells-products-block\"><\/div>\n<\/div>\n<\/div>\n\n\n\n<div data-block-name=\"woocommerce\/cart-totals-block\" class=\"wp-block-woocommerce-cart-totals-block\">\n<div data-block-name=\"woocommerce\/cart-order-summary-block\" class=\"wp-block-woocommerce-cart-order-summary-block\">\n<div data-block-name=\"woocommerce\/cart-order-summary-heading-block\" class=\"wp-block-woocommerce-cart-order-summary-heading-block\"><\/div><div data-block-name=\"woocommerce\/cart-order-summary-coupon-form-block\" class=\"wp-block-woocommerce-cart-order-summary-coupon-form-block\"><\/div><div data-block-name=\"woocommerce\/cart-order-summary-totals-block\" class=\"wp-block-woocommerce-cart-order-summary-totals-block\">\n<div data-block-name=\"woocommerce\/cart-order-summary-subtotal-block\" class=\"wp-block-woocommerce-cart-order-summary-subtotal-block\"><\/div>\n<div data-block-name=\"woocommerce\/cart-order-summary-discount-block\" class=\"wp-block-woocommerce-cart-order-summary-discount-block\"><\/div>\n<div data-block-name=\"woocommerce\/cart-order-summary-fee-block\" class=\"wp-block-woocommerce-cart-order-summary-fee-block\"><\/div>\n<div data-block-name=\"woocommerce\/cart-order-summary-shipping-block\" class=\"wp-block-woocommerce-cart-order-summary-shipping-block\"><\/div>\n<div data-block-name=\"woocommerce\/cart-order-summary-taxes-block\" class=\"wp-block-woocommerce-cart-order-summary-taxes-block\"><\/div><\/div>\n<\/div>\n\n\n\n<div data-block-name=\"woocommerce\/cart-express-payment-block\" class=\"wp-block-woocommerce-cart-express-payment-block\"><\/div>\n\n\n\n<div data-block-name=\"woocommerce\/proceed-to-checkout-block\" class=\"wp-block-woocommerce-proceed-to-checkout-block\"><\/div>\n\n\n\n<div data-block-name=\"woocommerce\/cart-accepted-payment-methods-block\" class=\"wp-block-woocommerce-cart-accepted-payment-methods-block\"><\/div>\n<\/div>\n<\/div>\n\n\n\n<div data-block-name=\"woocommerce\/empty-cart-block\" class=\"wp-block-woocommerce-empty-cart-block\">\n<h2 class=\"wp-block-heading has-text-align-center with-empty-cart-icon wc-block-cart__empty-cart__title\">Votre panier est actuellement vide\u00a0!<\/h2>\n\n\n\n<hr class=\"wp-block-separator has-alpha-channel-opacity is-style-dots\"\/>\n\n\n\n<h2 class=\"wp-block-heading has-text-align-center\">Nouveau dans la boutique<\/h2>\n\n\n<div data-block-name=\"woocommerce\/product-new\" data-columns=\"4\" data-rows=\"1\" class=\"wc-block-grid wp-block-product-new wp-block-woocommerce-product-new wc-block-product-new has-4-columns\"><ul class=\"wc-block-grid__products\"><li class=\"wc-block-grid__product\">\n\t\t\t\t<a href=\"https:\/\/carosung.com\/fr\/produit\/coulissante-en-acier-inoxydable-ajustable-et-ajustable-de-haute-qualite\/\" class=\"wc-block-grid__product-link\">\n\t\t\t\t\t\n\t\t\t\t\t<div class=\"wc-block-grid__product-image\"><img fetchpriority=\"high\" decoding=\"async\" width=\"300\" height=\"300\" src=\"https:\/\/carosung.com\/wp-content\/uploads\/2026\/02\/slider4-6-300x300.jpg\" class=\"attachment-woocommerce_thumbnail size-woocommerce_thumbnail\" alt=\"Coulissante en acier inoxydable ajustable et ajustable de haute qualit\u00e9\" srcset=\"https:\/\/carosung.com\/wp-content\/uploads\/2026\/02\/slider4-6-300x300.jpg 300w, https:\/\/carosung.com\/wp-content\/uploads\/2026\/02\/slider4-6-150x150.jpg 150w, https:\/\/carosung.com\/wp-content\/uploads\/2026\/02\/slider4-6-768x768.jpg 768w, https:\/\/carosung.com\/wp-content\/uploads\/2026\/02\/slider4-6-650x650.jpg 650w, https:\/\/carosung.com\/wp-content\/uploads\/2026\/02\/slider4-6-600x600.jpg 600w, https:\/\/carosung.com\/wp-content\/uploads\/2026\/02\/slider4-6-100x100.jpg 100w, https:\/\/carosung.com\/wp-content\/uploads\/2026\/02\/slider4-6.jpg 1000w\" sizes=\"(max-width: 300px) 100vw, 300px\" title=\"\"><\/div>\n\t\t\t\t\t<div class=\"wc-block-grid__product-title\">Coulissante en acier inoxydable ajustable et ajustable de haute qualit\u00e9<\/div>\n\t\t\t\t<\/a>\n\t\t\t\t<div class=\"wc-block-grid__product-price price\"><span class=\"woocommerce-Price-amount amount\" aria-hidden=\"true\"><span class=\"woocommerce-Price-currencySymbol\">&#036;<\/span>1.75<\/span> <span aria-hidden=\"true\">\u00a0\u2013\u00a0<\/span> <span class=\"woocommerce-Price-amount amount\" aria-hidden=\"true\"><span class=\"woocommerce-Price-currencySymbol\">&#036;<\/span>2.50<\/span><span class=\"screen-reader-text\">Plage de prix\u00a0: &#036;1.75 \u00e0 &#036;2.50<\/span><\/div>\n\t\t\t\t\n\t\t\t\t<div class=\"wp-block-button wc-block-grid__product-add-to-cart\"><a href=\"https:\/\/carosung.com\/fr\/produit\/coulissante-en-acier-inoxydable-ajustable-et-ajustable-de-haute-qualite\/\" aria-label=\"S\u00e9lectionner les options pour &ldquo;Coulissante en acier inoxydable ajustable et ajustable de haute qualit\u00e9&rdquo;\" data-quantity=\"1\" data-product_id=\"15318\" data-product_sku=\"\" data-price=\"1.75\" rel=\"nofollow\" class=\"wp-block-button__link  add_to_cart_button\">Choix des options<\/a><\/div>\n\t\t\t<\/li><li class=\"wc-block-grid__product\">\n\t\t\t\t<a href=\"https:\/\/carosung.com\/fr\/produit\/coulissante-en-acier-inoxydable-fait-main-de-haute-qualite\/\" class=\"wc-block-grid__product-link\">\n\t\t\t\t\t\n\t\t\t\t\t<div class=\"wc-block-grid__product-image\"><img decoding=\"async\" width=\"300\" height=\"300\" src=\"https:\/\/carosung.com\/wp-content\/uploads\/2026\/02\/slider2-4-300x300.jpg\" class=\"attachment-woocommerce_thumbnail size-woocommerce_thumbnail\" alt=\"Coulissante en acier inoxydable fait main de haute qualit\u00e9\" srcset=\"https:\/\/carosung.com\/wp-content\/uploads\/2026\/02\/slider2-4-300x300.jpg 300w, https:\/\/carosung.com\/wp-content\/uploads\/2026\/02\/slider2-4-150x150.jpg 150w, https:\/\/carosung.com\/wp-content\/uploads\/2026\/02\/slider2-4-768x768.jpg 768w, https:\/\/carosung.com\/wp-content\/uploads\/2026\/02\/slider2-4-650x650.jpg 650w, https:\/\/carosung.com\/wp-content\/uploads\/2026\/02\/slider2-4-600x600.jpg 600w, https:\/\/carosung.com\/wp-content\/uploads\/2026\/02\/slider2-4-100x100.jpg 100w, https:\/\/carosung.com\/wp-content\/uploads\/2026\/02\/slider2-4.jpg 1000w\" sizes=\"(max-width: 300px) 100vw, 300px\" title=\"\"><\/div>\n\t\t\t\t\t<div class=\"wc-block-grid__product-title\">Coulissante en acier inoxydable fait main de haute qualit\u00e9<\/div>\n\t\t\t\t<\/a>\n\t\t\t\t<div class=\"wc-block-grid__product-price price\"><span class=\"woocommerce-Price-amount amount\"><span class=\"woocommerce-Price-currencySymbol\">&#036;<\/span>3.50<\/span><\/div>\n\t\t\t\t\n\t\t\t\t<div class=\"wp-block-button wc-block-grid__product-add-to-cart\"><a href=\"https:\/\/carosung.com\/fr\/produit\/coulissante-en-acier-inoxydable-fait-main-de-haute-qualite\/\" aria-label=\"S\u00e9lectionner les options pour &ldquo;Coulissante en acier inoxydable fait main de haute qualit\u00e9&rdquo;\" data-quantity=\"1\" data-product_id=\"15289\" data-product_sku=\"\" data-price=\"3.5\" rel=\"nofollow\" class=\"wp-block-button__link  add_to_cart_button\">Choix des options<\/a><\/div>\n\t\t\t<\/li><li class=\"wc-block-grid__product\">\n\t\t\t\t<a href=\"https:\/\/carosung.com\/fr\/produit\/coulissante-reglable-en-acier-inoxydable-de-haute-qualite\/\" class=\"wc-block-grid__product-link\">\n\t\t\t\t\t\n\t\t\t\t\t<div class=\"wc-block-grid__product-image\"><img decoding=\"async\" width=\"300\" height=\"300\" src=\"https:\/\/carosung.com\/wp-content\/uploads\/2026\/02\/slider2-3-300x300.jpg\" class=\"attachment-woocommerce_thumbnail size-woocommerce_thumbnail\" alt=\"Coulissante r\u00e9glable en acier inoxydable de haute qualit\u00e9\" srcset=\"https:\/\/carosung.com\/wp-content\/uploads\/2026\/02\/slider2-3-300x300.jpg 300w, https:\/\/carosung.com\/wp-content\/uploads\/2026\/02\/slider2-3-150x150.jpg 150w, https:\/\/carosung.com\/wp-content\/uploads\/2026\/02\/slider2-3-768x768.jpg 768w, https:\/\/carosung.com\/wp-content\/uploads\/2026\/02\/slider2-3-650x650.jpg 650w, https:\/\/carosung.com\/wp-content\/uploads\/2026\/02\/slider2-3-600x600.jpg 600w, https:\/\/carosung.com\/wp-content\/uploads\/2026\/02\/slider2-3-100x100.jpg 100w, https:\/\/carosung.com\/wp-content\/uploads\/2026\/02\/slider2-3.jpg 1000w\" sizes=\"(max-width: 300px) 100vw, 300px\" title=\"\"><\/div>\n\t\t\t\t\t<div class=\"wc-block-grid__product-title\">Coulissante r\u00e9glable en acier inoxydable de haute qualit\u00e9<\/div>\n\t\t\t\t<\/a>\n\t\t\t\t<div class=\"wc-block-grid__product-price price\"><span class=\"woocommerce-Price-amount amount\"><span class=\"woocommerce-Price-currencySymbol\">&#036;<\/span>1.23<\/span><\/div>\n\t\t\t\t\n\t\t\t\t<div class=\"wp-block-button wc-block-grid__product-add-to-cart\"><a href=\"https:\/\/carosung.com\/fr\/produit\/coulissante-reglable-en-acier-inoxydable-de-haute-qualite\/\" aria-label=\"S\u00e9lectionner les options pour &ldquo;Coulissante r\u00e9glable en acier inoxydable de haute qualit\u00e9&rdquo;\" data-quantity=\"1\" data-product_id=\"15230\" data-product_sku=\"\" data-price=\"1.23\" rel=\"nofollow\" class=\"wp-block-button__link  add_to_cart_button\">Choix des options<\/a><\/div>\n\t\t\t<\/li><li class=\"wc-block-grid__product\">\n\t\t\t\t<a href=\"https:\/\/carosung.com\/fr\/produit\/coulissante-reglable-en-acier-inoxydable\/\" class=\"wc-block-grid__product-link\">\n\t\t\t\t\t\n\t\t\t\t\t<div class=\"wc-block-grid__product-image\"><img loading=\"lazy\" decoding=\"async\" width=\"300\" height=\"300\" src=\"https:\/\/carosung.com\/wp-content\/uploads\/2026\/02\/slider1-2-300x300.jpg\" class=\"attachment-woocommerce_thumbnail size-woocommerce_thumbnail\" alt=\"Coulissante r\u00e9glable en acier inoxydable\" srcset=\"https:\/\/carosung.com\/wp-content\/uploads\/2026\/02\/slider1-2-300x300.jpg 300w, https:\/\/carosung.com\/wp-content\/uploads\/2026\/02\/slider1-2-150x150.jpg 150w, https:\/\/carosung.com\/wp-content\/uploads\/2026\/02\/slider1-2-768x768.jpg 768w, https:\/\/carosung.com\/wp-content\/uploads\/2026\/02\/slider1-2-650x650.jpg 650w, https:\/\/carosung.com\/wp-content\/uploads\/2026\/02\/slider1-2-600x600.jpg 600w, https:\/\/carosung.com\/wp-content\/uploads\/2026\/02\/slider1-2-100x100.jpg 100w, https:\/\/carosung.com\/wp-content\/uploads\/2026\/02\/slider1-2.jpg 1000w\" sizes=\"(max-width: 300px) 100vw, 300px\" title=\"\"><\/div>\n\t\t\t\t\t<div class=\"wc-block-grid__product-title\">Coulissante r\u00e9glable en acier inoxydable<\/div>\n\t\t\t\t<\/a>\n\t\t\t\t<div class=\"wc-block-grid__product-price price\"><span class=\"woocommerce-Price-amount amount\" aria-hidden=\"true\"><span class=\"woocommerce-Price-currencySymbol\">&#036;<\/span>1.20<\/span> <span aria-hidden=\"true\">\u00a0\u2013\u00a0<\/span> <span class=\"woocommerce-Price-amount amount\" aria-hidden=\"true\"><span class=\"woocommerce-Price-currencySymbol\">&#036;<\/span>2.70<\/span><span class=\"screen-reader-text\">Plage de prix\u00a0: &#036;1.20 \u00e0 &#036;2.70<\/span><\/div>\n\t\t\t\t\n\t\t\t\t<div class=\"wp-block-button wc-block-grid__product-add-to-cart\"><a href=\"https:\/\/carosung.com\/fr\/produit\/coulissante-reglable-en-acier-inoxydable\/\" aria-label=\"S\u00e9lectionner les options pour &ldquo;Coulissante r\u00e9glable en acier inoxydable&rdquo;\" data-quantity=\"1\" data-product_id=\"15185\" data-product_sku=\"\" data-price=\"1.2\" rel=\"nofollow\" class=\"wp-block-button__link  add_to_cart_button\">Choix des options<\/a><\/div>\n\t\t\t<\/li><\/ul><\/div><\/div>\n<\/div>\n","protected":false},"excerpt":{"rendered":"","protected":false},"author":1,"featured_media":0,"parent":0,"menu_order":0,"comment_status":"closed","ping_status":"closed","template":"","meta":{"_acf_changed":false,"footnotes":""},"class_list":["post-2248","page","type-page","status-publish","hentry"],"acf":[],"_links":{"self":[{"href":"https:\/\/carosung.com\/fr\/wp-json\/wp\/v2\/pages\/2248","targetHints":{"allow":["GET"]}}],"collection":[{"href":"https:\/\/carosung.com\/fr\/wp-json\/wp\/v2\/pages"}],"about":[{"href":"https:\/\/carosung.com\/fr\/wp-json\/wp\/v2\/types\/page"}],"author":[{"embeddable":true,"href":"https:\/\/carosung.com\/fr\/wp-json\/wp\/v2\/users\/1"}],"replies":[{"embeddable":true,"href":"https:\/\/carosung.com\/fr\/wp-json\/wp\/v2\/comments?post=2248"}],"version-history":[{"count":0,"href":"https:\/\/carosung.com\/fr\/wp-json\/wp\/v2\/pages\/2248\/revisions"}],"wp:attachment":[{"href":"https:\/\/carosung.com\/fr\/wp-json\/wp\/v2\/media?parent=2248"}],"curies":[{"name":"wp","href":"https:\/\/api.w.org\/{rel}","templated":true}]}}