{"id":1960,"date":"2025-06-10T15:01:11","date_gmt":"2025-06-10T07:01:11","guid":{"rendered":"https:\/\/carosung.com\/notre-entreprise\/"},"modified":"2025-08-12T11:14:12","modified_gmt":"2025-08-12T03:14:12","slug":"notre-entreprise","status":"publish","type":"page","link":"https:\/\/carosung.com\/fr\/notre-entreprise\/","title":{"rendered":"Notre entreprise"},"content":{"rendered":"\t\t<div data-elementor-type=\"wp-page\" data-elementor-id=\"1960\" class=\"elementor elementor-1960 elementor-151\" data-elementor-post-type=\"page\">\n\t\t\t\t<div class=\"elementor-element elementor-element-292ffa9 e-flex e-con-boxed e-con e-parent\" data-id=\"292ffa9\" data-element_type=\"container\" data-e-type=\"container\" data-settings=\"{&quot;background_background&quot;:&quot;classic&quot;}\">\n\t\t\t\t\t<div class=\"e-con-inner\">\n\t\t<div class=\"elementor-element elementor-element-14817eb e-con-full e-flex e-con e-child\" data-id=\"14817eb\" data-element_type=\"container\" data-e-type=\"container\" data-settings=\"{&quot;background_background&quot;:&quot;classic&quot;}\">\n\t\t\t\t<div class=\"elementor-element elementor-element-6b5301d elementor-widget elementor-widget-heading\" data-id=\"6b5301d\" data-element_type=\"widget\" data-e-type=\"widget\" data-widget_type=\"heading.default\">\n\t\t\t\t\t<h2 class=\"elementor-heading-title elementor-size-default\">notre entreprise<\/h2>\t\t\t\t<\/div>\n\t\t\t\t<\/div>\n\t\t\t\t\t<\/div>\n\t\t\t\t<\/div>\n\t\t<div class=\"elementor-element elementor-element-69934f9 e-flex e-con-boxed e-con e-parent\" data-id=\"69934f9\" data-element_type=\"container\" data-e-type=\"container\" data-settings=\"{&quot;background_background&quot;:&quot;classic&quot;}\">\n\t\t\t\t\t<div class=\"e-con-inner\">\n\t\t\t\t<div class=\"elementor-element elementor-element-84caf39 elementor-widget elementor-widget-text-editor\" data-id=\"84caf39\" data-element_type=\"widget\" data-e-type=\"widget\" data-widget_type=\"text-editor.default\">\n\t\t\t\t\t\t\t\t\t<p class=\"p1\">Nous sommes un fabricant professionnel sp\u00e9cialis\u00e9 dans la personnalisation d&#8217;accessoires m\u00e9talliques haut de gamme, int\u00e9grant conception, production et vente. Ax\u00e9s sur les ceintures, la maroquinerie et les accessoires de bijouterie, nous fournissons des solutions personnalis\u00e9es compl\u00e8tes aux marques mondiales gr\u00e2ce \u00e0 notre conception interne et notre production avanc\u00e9e. <\/p>\t\t\t\t\t\t\t\t<\/div>\n\t\t\t\t\t<\/div>\n\t\t\t\t<\/div>\n\t\t<div class=\"elementor-element elementor-element-cdde5c5 e-flex e-con-boxed e-con e-parent\" data-id=\"cdde5c5\" data-element_type=\"container\" data-e-type=\"container\">\n\t\t\t\t\t<div class=\"e-con-inner\">\n\t\t\t\t<div class=\"elementor-element elementor-element-4f7f489 elementor-widget elementor-widget-qi_addons_for_elementor_timeline\" data-id=\"4f7f489\" data-element_type=\"widget\" data-e-type=\"widget\" data-widget_type=\"qi_addons_for_elementor_timeline.default\">\n\t\t\t\t<div class=\"elementor-widget-container\">\n\t\t\t\t\t<div class=\"qodef-shortcode qodef-m qodef-qi-timeline qodef-timeline--horizontal qodef-layout--columns qodef-timeline-layout--horizontal-alternating qodef-point--standard qodef-qi--has-appear\" data-options=\"{&quot;colNum&quot;:&quot;3&quot;,&quot;colNum1440&quot;:&quot;3&quot;,&quot;colNum1366&quot;:&quot;4&quot;,&quot;colNum1024&quot;:&quot;4&quot;,&quot;colNum768&quot;:&quot;1&quot;,&quot;colNum680&quot;:&quot;1&quot;,&quot;colNum480&quot;:&quot;1&quot;}\">\n\t<div class=\"qodef-nav-prev\">\n\t\t<svg class=\"qodef-swiper-arrow-left\" xmlns=\"http:\/\/www.w3.org\/2000\/svg\" x=\"0px\" y=\"0px\" viewBox=\"0 0 34.2 32.3\" xml:space=\"preserve\" style=\"stroke-width: 2;\"><line x1=\"0.5\" y1=\"16\" x2=\"33.5\" y2=\"16\"\/><line x1=\"0.3\" y1=\"16.5\" x2=\"16.2\" y2=\"0.7\"\/><line x1=\"0\" y1=\"15.4\" x2=\"16.2\" y2=\"31.6\"\/><\/svg>\t<\/div>\n\t<div class=\"qodef-nav-next\">\n\t\t<svg class=\"qodef-swiper-arrow-right\" xmlns=\"http:\/\/www.w3.org\/2000\/svg\" x=\"0px\" y=\"0px\" viewBox=\"0 0 34.2 32.3\" xml:space=\"preserve\" style=\"stroke-width: 2;\"><line x1=\"0\" y1=\"16\" x2=\"33\" y2=\"16\"\/><line x1=\"17.3\" y1=\"0.7\" x2=\"33.2\" y2=\"16.5\"\/><line x1=\"17.3\" y1=\"31.6\" x2=\"33.5\" y2=\"15.4\"\/><\/svg>\t<\/div>\n\t<div class=\"qodef-grid-inner\">\n\t<div class=\"qodef-e qodef-e-item qodef-grid-item elementor-repeater-item-052a04f qodef-reverse\">\n\t<div class=\"qodef-e-line-holder\">\n\t\t<span class=\"qodef-e-line\"><\/span>\n\t<\/div>\n\t<div class=\"qodef-e-item-inner\">\n\t\t<div class=\"qodef-e-point-holder\">\n\t\t\t<div class=\"qodef-e-point\">\n\t\t\t\t\t\t\t<\/div>\n\t\t<\/div>\n\t\t<div class=\"qodef-e-top-holder\">\n\t\t\t<div class=\"qodef-e-image\">\n\t<img fetchpriority=\"high\" decoding=\"async\" width=\"640\" height=\"480\" src=\"https:\/\/carosung.com\/wp-content\/uploads\/2025\/06\/\u51ef\u94ed\u68ee.jpg\" class=\"attachment-full size-full\" alt=\"\" srcset=\"https:\/\/carosung.com\/wp-content\/uploads\/2025\/06\/\u51ef\u94ed\u68ee.jpg 640w, https:\/\/carosung.com\/wp-content\/uploads\/2025\/06\/\u51ef\u94ed\u68ee-300x225.jpg 300w, https:\/\/carosung.com\/wp-content\/uploads\/2025\/06\/\u51ef\u94ed\u68ee-600x450.jpg 600w\" sizes=\"(max-width: 640px) 100vw, 640px\" title=\"\"><\/div>\n\t\t<\/div>\n\t\t<div class=\"qodef-e-content-holder\">\n\t\t\t\t<h4 class=\"qodef-e-title\">\n\t\t2005\t\t<\/h4>\n\t\t\t\t\t<p class=\"qodef-e-text\">\n\t\tUsine de 280 m\u00b2 \u00e9tablie, d\u00e9butant la production de ceintures et boucles en cuir. \t<\/p>\n\t\t\t\t\t\t<\/div>\n\t<\/div>\n<\/div>\n<div class=\"qodef-e qodef-e-item qodef-grid-item elementor-repeater-item-4554ec1 qodef-obverse\">\n\t<div class=\"qodef-e-line-holder\">\n\t\t<span class=\"qodef-e-line\"><\/span>\n\t<\/div>\n\t<div class=\"qodef-e-item-inner\">\n\t\t<div class=\"qodef-e-point-holder\">\n\t\t\t<div class=\"qodef-e-point\">\n\t\t\t\t\t\t\t<\/div>\n\t\t<\/div>\n\t\t<div class=\"qodef-e-top-holder\">\n\t\t\t<div class=\"qodef-e-image\">\n\t<img decoding=\"async\" width=\"1500\" height=\"1000\" src=\"https:\/\/carosung.com\/wp-content\/uploads\/2025\/06\/DSC_4953_WH_1500x1000px.jpg\" class=\"attachment-full size-full\" alt=\"\" srcset=\"https:\/\/carosung.com\/wp-content\/uploads\/2025\/06\/DSC_4953_WH_1500x1000px.jpg 1500w, https:\/\/carosung.com\/wp-content\/uploads\/2025\/06\/DSC_4953_WH_1500x1000px-300x200.jpg 300w, https:\/\/carosung.com\/wp-content\/uploads\/2025\/06\/DSC_4953_WH_1500x1000px-1024x683.jpg 1024w, https:\/\/carosung.com\/wp-content\/uploads\/2025\/06\/DSC_4953_WH_1500x1000px-768x512.jpg 768w, https:\/\/carosung.com\/wp-content\/uploads\/2025\/06\/DSC_4953_WH_1500x1000px-600x400.jpg 600w\" sizes=\"(max-width: 1500px) 100vw, 1500px\" title=\"\"><\/div>\n\t\t<\/div>\n\t\t<div class=\"qodef-e-content-holder\">\n\t\t\t\t<h4 class=\"qodef-e-title\">\n\t\t2015 - 2019\t\t<\/h4>\n\t\t\t\t\t<p class=\"qodef-e-text\">\n\t\t\u00c9quipe de design \u00e9tablie, ouvrant la voie \u00e0 la personnalisation. Participation \u00e0 la Foire commerciale Chine (EAU) 2018 \u00e0 Duba\u00ef. Expansion de l&#039;usine \u00e0 1000 m\u00b2, enregistrement de 2 marques d\u00e9pos\u00e9es. \n\t<\/p>\n\t\t\t\t\t<div class=\"qodef-e-date\">\n\t\t1983\t<\/div>\n\t\t\t<\/div>\n\t<\/div>\n<\/div>\n<div class=\"qodef-e qodef-e-item qodef-grid-item elementor-repeater-item-827fe58 qodef-reverse\">\n\t<div class=\"qodef-e-line-holder\">\n\t\t<span class=\"qodef-e-line\"><\/span>\n\t<\/div>\n\t<div class=\"qodef-e-item-inner\">\n\t\t<div class=\"qodef-e-point-holder\">\n\t\t\t<div class=\"qodef-e-point\">\n\t\t\t\t\t\t\t<\/div>\n\t\t<\/div>\n\t\t<div class=\"qodef-e-top-holder\">\n\t\t\t<div class=\"qodef-e-image\">\n\t<img decoding=\"async\" width=\"1500\" height=\"1000\" src=\"https:\/\/carosung.com\/wp-content\/uploads\/2025\/06\/DSC_4563_WH_1500x1000px.jpg\" class=\"attachment-full size-full\" alt=\"\" srcset=\"https:\/\/carosung.com\/wp-content\/uploads\/2025\/06\/DSC_4563_WH_1500x1000px.jpg 1500w, https:\/\/carosung.com\/wp-content\/uploads\/2025\/06\/DSC_4563_WH_1500x1000px-300x200.jpg 300w, https:\/\/carosung.com\/wp-content\/uploads\/2025\/06\/DSC_4563_WH_1500x1000px-1024x683.jpg 1024w, https:\/\/carosung.com\/wp-content\/uploads\/2025\/06\/DSC_4563_WH_1500x1000px-768x512.jpg 768w, https:\/\/carosung.com\/wp-content\/uploads\/2025\/06\/DSC_4563_WH_1500x1000px-600x400.jpg 600w\" sizes=\"(max-width: 1500px) 100vw, 1500px\" title=\"\"><\/div>\n\t\t<\/div>\n\t\t<div class=\"qodef-e-content-holder\">\n\t\t\t\t<h4 class=\"qodef-e-title\">\n\t\t2021\t\t<\/h4>\n\t\t\t\t\t<p class=\"qodef-e-text\">\n\t\tLa superficie totale d\u00e9passe 3 000 m\u00b2, \u00e9quip\u00e9e de 3 lignes de production, plus de 100 employ\u00e9s, et une production mensuelle de 20 000 pi\u00e8ces.\nD\u00e9m\u00e9nagement \u00e0 Dongguan, Guangdong, marquant le d\u00e9but d&#039;un nouveau chapitre de d\u00e9veloppement.\t<\/p>\n\t\t\t\t\t\t<\/div>\n\t<\/div>\n<\/div>\n<div class=\"qodef-e qodef-e-item qodef-grid-item elementor-repeater-item-10c5af2 qodef-obverse\">\n\t<div class=\"qodef-e-line-holder\">\n\t\t<span class=\"qodef-e-line\"><\/span>\n\t<\/div>\n\t<div class=\"qodef-e-item-inner\">\n\t\t<div class=\"qodef-e-point-holder\">\n\t\t\t<div class=\"qodef-e-point\">\n\t\t\t\t\t\t\t<\/div>\n\t\t<\/div>\n\t\t<div class=\"qodef-e-top-holder\">\n\t\t\t<div class=\"qodef-e-image\">\n\t<img loading=\"lazy\" decoding=\"async\" width=\"1280\" height=\"853\" src=\"https:\/\/carosung.com\/wp-content\/uploads\/2025\/06\/architecture-22039_1280-1.jpg\" class=\"attachment-full size-full\" alt=\"\" srcset=\"https:\/\/carosung.com\/wp-content\/uploads\/2025\/06\/architecture-22039_1280-1.jpg 1280w, https:\/\/carosung.com\/wp-content\/uploads\/2025\/06\/architecture-22039_1280-1-300x200.jpg 300w, https:\/\/carosung.com\/wp-content\/uploads\/2025\/06\/architecture-22039_1280-1-1024x682.jpg 1024w, https:\/\/carosung.com\/wp-content\/uploads\/2025\/06\/architecture-22039_1280-1-768x512.jpg 768w, https:\/\/carosung.com\/wp-content\/uploads\/2025\/06\/architecture-22039_1280-1-600x400.jpg 600w\" sizes=\"(max-width: 1280px) 100vw, 1280px\" title=\"\"><\/div>\n\t\t<\/div>\n\t\t<div class=\"qodef-e-content-holder\">\n\t\t\t\t<h4 class=\"qodef-e-title\">\n\t\tMaintenant\t\t<\/h4>\n\t\t\t\t\t<p class=\"qodef-e-text\">\n\t\tFournissant continuellement des solutions mat\u00e9rielles personnalis\u00e9es de qualit\u00e9 sup\u00e9rieure pour des marques du monde entier.\t<\/p>\n\t\t\t\t\t\t<\/div>\n\t<\/div>\n<\/div>\n\t<\/div>\n<\/div>\n\t\t\t\t<\/div>\n\t\t\t\t<\/div>\n\t\t\t\t\t<\/div>\n\t\t\t\t<\/div>\n\t\t<div class=\"elementor-element elementor-element-373d5b5 e-flex e-con-boxed e-con e-parent\" data-id=\"373d5b5\" data-element_type=\"container\" data-e-type=\"container\">\n\t\t\t\t\t<div class=\"e-con-inner\">\n\t\t<div class=\"elementor-element elementor-element-75a63c9 e-con-full e-flex e-con e-child\" data-id=\"75a63c9\" data-element_type=\"container\" data-e-type=\"container\">\n\t\t<div class=\"elementor-element elementor-element-00ecee8 e-con-full e-flex e-con e-child\" data-id=\"00ecee8\" data-element_type=\"container\" data-e-type=\"container\" data-settings=\"{&quot;background_background&quot;:&quot;classic&quot;}\">\n\t\t\t\t<\/div>\n\t\t<div class=\"elementor-element elementor-element-76f02cb e-con-full e-flex e-con e-child\" data-id=\"76f02cb\" data-element_type=\"container\" data-e-type=\"container\" data-settings=\"{&quot;background_background&quot;:&quot;classic&quot;}\">\n\t\t\t\t<div class=\"elementor-element elementor-element-d8dbe08 elementor-widget elementor-widget-heading\" data-id=\"d8dbe08\" data-element_type=\"widget\" data-e-type=\"widget\" data-widget_type=\"heading.default\">\n\t\t\t\t\t<h2 class=\"elementor-heading-title elementor-size-default\">Anim\u00e9s par l'innovation, engag\u00e9s envers la qualit\u00e9<\/h2>\t\t\t\t<\/div>\n\t\t\t\t<div class=\"elementor-element elementor-element-131563d elementor-widget elementor-widget-text-editor\" data-id=\"131563d\" data-element_type=\"widget\" data-e-type=\"widget\" data-widget_type=\"text-editor.default\">\n\t\t\t\t\t\t\t\t\t<p class=\"p1\">Nous poursuivons l&#8217;innovation et des standards de qualit\u00e9 stricts, nous concentrant sur les d\u00e9tails pour cr\u00e9er de la valeur pour nos clients et grandir ensemble avec nos partenaires mondiaux.<\/p>\t\t\t\t\t\t\t\t<\/div>\n\t\t\t\t<\/div>\n\t\t\t\t<\/div>\n\t\t<div class=\"elementor-element elementor-element-21ed88d e-con-full e-flex e-con e-child\" data-id=\"21ed88d\" data-element_type=\"container\" data-e-type=\"container\">\n\t\t<div class=\"elementor-element elementor-element-91843dc e-con-full e-flex e-con e-child\" data-id=\"91843dc\" data-element_type=\"container\" data-e-type=\"container\" data-settings=\"{&quot;background_background&quot;:&quot;classic&quot;}\">\n\t\t\t\t<\/div>\n\t\t<div class=\"elementor-element elementor-element-28acbd3 e-con-full e-flex e-con e-child\" data-id=\"28acbd3\" data-element_type=\"container\" data-e-type=\"container\" data-settings=\"{&quot;background_background&quot;:&quot;classic&quot;}\">\n\t\t\t\t<div class=\"elementor-element elementor-element-7b21898 elementor-widget elementor-widget-heading\" data-id=\"7b21898\" data-element_type=\"widget\" data-e-type=\"widget\" data-widget_type=\"heading.default\">\n\t\t\t\t\t<h2 class=\"elementor-heading-title elementor-size-default\">\u00c9quipe professionnelle, esprits cr\u00e9atifs<\/h2>\t\t\t\t<\/div>\n\t\t\t\t<div class=\"elementor-element elementor-element-2988b2f elementor-widget elementor-widget-text-editor\" data-id=\"2988b2f\" data-element_type=\"widget\" data-e-type=\"widget\" data-widget_type=\"text-editor.default\">\n\t\t\t\t\t\t\t\t\t<p class=\"p1\">Notre \u00e9quipe se compose de designers exp\u00e9riment\u00e9s et de techniciens qualifi\u00e9s, d\u00e9di\u00e9s \u00e0 fournir des services personnalis\u00e9s efficaces pour donner vie \u00e0 chaque produit avec savoir-faire.<\/p>\t\t\t\t\t\t\t\t<\/div>\n\t\t\t\t<\/div>\n\t\t\t\t<\/div>\n\t\t\t\t\t<\/div>\n\t\t\t\t<\/div>\n\t\t<div class=\"elementor-element elementor-element-84ca56b e-con-full e-flex e-con e-parent\" data-id=\"84ca56b\" data-element_type=\"container\" data-e-type=\"container\">\n\t\t<div class=\"elementor-element elementor-element-b08ed59 e-flex e-con-boxed e-con e-child\" data-id=\"b08ed59\" data-element_type=\"container\" data-e-type=\"container\">\n\t\t\t\t\t<div class=\"e-con-inner\">\n\t\t\t\t<div class=\"elementor-element elementor-element-89636f4 elementor-widget__width-initial elementor-widget elementor-widget-heading\" data-id=\"89636f4\" data-element_type=\"widget\" data-e-type=\"widget\" data-widget_type=\"heading.default\">\n\t\t\t\t\t<h2 class=\"elementor-heading-title elementor-size-default\">Approuv\u00e9 par les marques mondiales<\/h2>\t\t\t\t<\/div>\n\t\t\t\t<div class=\"elementor-element elementor-element-c0ac51f elementor-widget__width-initial elementor-widget elementor-widget-text-editor\" data-id=\"c0ac51f\" data-element_type=\"widget\" data-e-type=\"widget\" data-widget_type=\"text-editor.default\">\n\t\t\t\t\t\t\t\t\t<p class=\"p1\">Au fil des ann\u00e9es, nous avons \u00e9tabli des partenariats \u00e0 long terme avec des marques mondiales de premier plan, avec des produits export\u00e9s vers l&#8217;Europe, l&#8217;Am\u00e9rique, le Moyen-Orient et l&#8217;Asie du Sud-Est, gagnant une confiance g\u00e9n\u00e9ralis\u00e9e.<\/p>\t\t\t\t\t\t\t\t<\/div>\n\t\t\t\t\t<\/div>\n\t\t\t\t<\/div>\n\t\t<div class=\"elementor-element elementor-element-cfa5348 e-grid e-con-boxed e-con e-child\" data-id=\"cfa5348\" data-element_type=\"container\" data-e-type=\"container\">\n\t\t\t\t\t<div class=\"e-con-inner\">\n\t\t\t\t<div class=\"elementor-element elementor-element-0681bf7 elementor-widget elementor-widget-image\" data-id=\"0681bf7\" data-element_type=\"widget\" data-e-type=\"widget\" data-widget_type=\"image.default\">\n\t\t\t\t\t\t\t\t\t\t\t\t\t\t\t<img loading=\"lazy\" decoding=\"async\" width=\"500\" height=\"500\" src=\"https:\/\/carosung.com\/wp-content\/uploads\/2025\/06\/\u51ef\u94ed\u68ee-1_1.jpg\" class=\"attachment-full size-full wp-image-1517\" alt=\"\" srcset=\"https:\/\/carosung.com\/wp-content\/uploads\/2025\/06\/\u51ef\u94ed\u68ee-1_1.jpg 500w, https:\/\/carosung.com\/wp-content\/uploads\/2025\/06\/\u51ef\u94ed\u68ee-1_1-300x300.jpg 300w, https:\/\/carosung.com\/wp-content\/uploads\/2025\/06\/\u51ef\u94ed\u68ee-1_1-150x150.jpg 150w, https:\/\/carosung.com\/wp-content\/uploads\/2025\/06\/\u51ef\u94ed\u68ee-1_1-100x100.jpg 100w\" sizes=\"(max-width: 500px) 100vw, 500px\" title=\"\">\t\t\t\t\t\t\t\t\t\t\t\t\t\t\t<\/div>\n\t\t\t\t<div class=\"elementor-element elementor-element-cc358a3 elementor-widget elementor-widget-image\" data-id=\"cc358a3\" data-element_type=\"widget\" data-e-type=\"widget\" data-widget_type=\"image.default\">\n\t\t\t\t\t\t\t\t\t\t\t\t\t\t\t<img loading=\"lazy\" decoding=\"async\" width=\"1024\" height=\"1024\" src=\"https:\/\/carosung.com\/wp-content\/uploads\/2025\/06\/\u51ef\u94ed\u68ee-1.png\" class=\"attachment-full size-full wp-image-1520\" alt=\"\" srcset=\"https:\/\/carosung.com\/wp-content\/uploads\/2025\/06\/\u51ef\u94ed\u68ee-1.png 1024w, https:\/\/carosung.com\/wp-content\/uploads\/2025\/06\/\u51ef\u94ed\u68ee-1-300x300.png 300w, https:\/\/carosung.com\/wp-content\/uploads\/2025\/06\/\u51ef\u94ed\u68ee-1-150x150.png 150w, https:\/\/carosung.com\/wp-content\/uploads\/2025\/06\/\u51ef\u94ed\u68ee-1-768x768.png 768w, https:\/\/carosung.com\/wp-content\/uploads\/2025\/06\/\u51ef\u94ed\u68ee-1-650x650.png 650w, https:\/\/carosung.com\/wp-content\/uploads\/2025\/06\/\u51ef\u94ed\u68ee-1-600x600.png 600w, https:\/\/carosung.com\/wp-content\/uploads\/2025\/06\/\u51ef\u94ed\u68ee-1-100x100.png 100w\" sizes=\"(max-width: 1024px) 100vw, 1024px\" title=\"\">\t\t\t\t\t\t\t\t\t\t\t\t\t\t\t<\/div>\n\t\t\t\t<div class=\"elementor-element elementor-element-3ca9ee2 elementor-widget elementor-widget-image\" data-id=\"3ca9ee2\" data-element_type=\"widget\" data-e-type=\"widget\" data-widget_type=\"image.default\">\n\t\t\t\t\t\t\t\t\t\t\t\t\t\t\t<img loading=\"lazy\" decoding=\"async\" width=\"500\" height=\"500\" src=\"https:\/\/carosung.com\/wp-content\/uploads\/2025\/06\/\u51ef\u94ed\u68ee-2_WH_500x500px.jpg\" class=\"attachment-full size-full wp-image-1523\" alt=\"\" srcset=\"https:\/\/carosung.com\/wp-content\/uploads\/2025\/06\/\u51ef\u94ed\u68ee-2_WH_500x500px.jpg 500w, https:\/\/carosung.com\/wp-content\/uploads\/2025\/06\/\u51ef\u94ed\u68ee-2_WH_500x500px-300x300.jpg 300w, https:\/\/carosung.com\/wp-content\/uploads\/2025\/06\/\u51ef\u94ed\u68ee-2_WH_500x500px-150x150.jpg 150w, https:\/\/carosung.com\/wp-content\/uploads\/2025\/06\/\u51ef\u94ed\u68ee-2_WH_500x500px-100x100.jpg 100w\" sizes=\"(max-width: 500px) 100vw, 500px\" title=\"\">\t\t\t\t\t\t\t\t\t\t\t\t\t\t\t<\/div>\n\t\t\t\t<div class=\"elementor-element elementor-element-5b02f9c elementor-widget elementor-widget-image\" data-id=\"5b02f9c\" data-element_type=\"widget\" data-e-type=\"widget\" data-widget_type=\"image.default\">\n\t\t\t\t\t\t\t\t\t\t\t\t\t\t\t<img loading=\"lazy\" decoding=\"async\" width=\"500\" height=\"500\" src=\"https:\/\/carosung.com\/wp-content\/uploads\/2025\/06\/\u51ef\u94ed\u68ee-3_1.jpg\" class=\"attachment-full size-full wp-image-1529\" alt=\"\" srcset=\"https:\/\/carosung.com\/wp-content\/uploads\/2025\/06\/\u51ef\u94ed\u68ee-3_1.jpg 500w, https:\/\/carosung.com\/wp-content\/uploads\/2025\/06\/\u51ef\u94ed\u68ee-3_1-300x300.jpg 300w, https:\/\/carosung.com\/wp-content\/uploads\/2025\/06\/\u51ef\u94ed\u68ee-3_1-150x150.jpg 150w, https:\/\/carosung.com\/wp-content\/uploads\/2025\/06\/\u51ef\u94ed\u68ee-3_1-100x100.jpg 100w\" sizes=\"(max-width: 500px) 100vw, 500px\" title=\"\">\t\t\t\t\t\t\t\t\t\t\t\t\t\t\t<\/div>\n\t\t\t\t<div class=\"elementor-element elementor-element-84c9a58 elementor-widget elementor-widget-image\" data-id=\"84c9a58\" data-element_type=\"widget\" data-e-type=\"widget\" data-widget_type=\"image.default\">\n\t\t\t\t\t\t\t\t\t\t\t\t\t\t\t<img loading=\"lazy\" decoding=\"async\" width=\"500\" height=\"500\" src=\"https:\/\/carosung.com\/wp-content\/uploads\/2025\/06\/\u51ef\u94ed\u68ee-2.jpg\" class=\"attachment-full size-full wp-image-1526\" alt=\"\" srcset=\"https:\/\/carosung.com\/wp-content\/uploads\/2025\/06\/\u51ef\u94ed\u68ee-2.jpg 500w, https:\/\/carosung.com\/wp-content\/uploads\/2025\/06\/\u51ef\u94ed\u68ee-2-300x300.jpg 300w, https:\/\/carosung.com\/wp-content\/uploads\/2025\/06\/\u51ef\u94ed\u68ee-2-150x150.jpg 150w, https:\/\/carosung.com\/wp-content\/uploads\/2025\/06\/\u51ef\u94ed\u68ee-2-100x100.jpg 100w\" sizes=\"(max-width: 500px) 100vw, 500px\" title=\"\">\t\t\t\t\t\t\t\t\t\t\t\t\t\t\t<\/div>\n\t\t\t\t<div class=\"elementor-element elementor-element-5fae6ab elementor-widget elementor-widget-image\" data-id=\"5fae6ab\" data-element_type=\"widget\" data-e-type=\"widget\" data-widget_type=\"image.default\">\n\t\t\t\t\t\t\t\t\t\t\t\t\t\t\t<img loading=\"lazy\" decoding=\"async\" width=\"1024\" height=\"1024\" src=\"https:\/\/carosung.com\/wp-content\/uploads\/2025\/06\/\u51ef\u94ed\u68ee-3.png\" class=\"attachment-full size-full wp-image-1532\" alt=\"\" srcset=\"https:\/\/carosung.com\/wp-content\/uploads\/2025\/06\/\u51ef\u94ed\u68ee-3.png 1024w, https:\/\/carosung.com\/wp-content\/uploads\/2025\/06\/\u51ef\u94ed\u68ee-3-300x300.png 300w, https:\/\/carosung.com\/wp-content\/uploads\/2025\/06\/\u51ef\u94ed\u68ee-3-150x150.png 150w, https:\/\/carosung.com\/wp-content\/uploads\/2025\/06\/\u51ef\u94ed\u68ee-3-768x768.png 768w, https:\/\/carosung.com\/wp-content\/uploads\/2025\/06\/\u51ef\u94ed\u68ee-3-650x650.png 650w, https:\/\/carosung.com\/wp-content\/uploads\/2025\/06\/\u51ef\u94ed\u68ee-3-600x600.png 600w, https:\/\/carosung.com\/wp-content\/uploads\/2025\/06\/\u51ef\u94ed\u68ee-3-100x100.png 100w\" sizes=\"(max-width: 1024px) 100vw, 1024px\" title=\"\">\t\t\t\t\t\t\t\t\t\t\t\t\t\t\t<\/div>\n\t\t\t\t<div class=\"elementor-element elementor-element-ebc82ae elementor-widget elementor-widget-image\" data-id=\"ebc82ae\" data-element_type=\"widget\" data-e-type=\"widget\" data-widget_type=\"image.default\">\n\t\t\t\t\t\t\t\t\t\t\t\t\t\t\t<img loading=\"lazy\" decoding=\"async\" width=\"500\" height=\"500\" src=\"https:\/\/carosung.com\/wp-content\/uploads\/2025\/06\/\u51ef\u94ed\u68ee_1.jpg\" class=\"attachment-full size-full wp-image-1535\" alt=\"\" srcset=\"https:\/\/carosung.com\/wp-content\/uploads\/2025\/06\/\u51ef\u94ed\u68ee_1.jpg 500w, https:\/\/carosung.com\/wp-content\/uploads\/2025\/06\/\u51ef\u94ed\u68ee_1-300x300.jpg 300w, https:\/\/carosung.com\/wp-content\/uploads\/2025\/06\/\u51ef\u94ed\u68ee_1-150x150.jpg 150w, https:\/\/carosung.com\/wp-content\/uploads\/2025\/06\/\u51ef\u94ed\u68ee_1-100x100.jpg 100w\" sizes=\"(max-width: 500px) 100vw, 500px\" title=\"\">\t\t\t\t\t\t\t\t\t\t\t\t\t\t\t<\/div>\n\t\t\t\t<div class=\"elementor-element elementor-element-20fb1eb elementor-widget elementor-widget-image\" data-id=\"20fb1eb\" data-element_type=\"widget\" data-e-type=\"widget\" data-widget_type=\"image.default\">\n\t\t\t\t\t\t\t\t\t\t\t\t\t\t\t<img loading=\"lazy\" decoding=\"async\" width=\"1024\" height=\"1024\" src=\"https:\/\/carosung.com\/wp-content\/uploads\/2025\/06\/\u51ef\u94ed\u68ee.png\" class=\"attachment-full size-full wp-image-1538\" alt=\"\" srcset=\"https:\/\/carosung.com\/wp-content\/uploads\/2025\/06\/\u51ef\u94ed\u68ee.png 1024w, https:\/\/carosung.com\/wp-content\/uploads\/2025\/06\/\u51ef\u94ed\u68ee-300x300.png 300w, https:\/\/carosung.com\/wp-content\/uploads\/2025\/06\/\u51ef\u94ed\u68ee-150x150.png 150w, https:\/\/carosung.com\/wp-content\/uploads\/2025\/06\/\u51ef\u94ed\u68ee-768x768.png 768w, https:\/\/carosung.com\/wp-content\/uploads\/2025\/06\/\u51ef\u94ed\u68ee-650x650.png 650w, https:\/\/carosung.com\/wp-content\/uploads\/2025\/06\/\u51ef\u94ed\u68ee-600x600.png 600w, https:\/\/carosung.com\/wp-content\/uploads\/2025\/06\/\u51ef\u94ed\u68ee-100x100.png 100w\" sizes=\"(max-width: 1024px) 100vw, 1024px\" title=\"\">\t\t\t\t\t\t\t\t\t\t\t\t\t\t\t<\/div>\n\t\t\t\t\t<\/div>\n\t\t\t\t<\/div>\n\t\t\t\t<\/div>\n\t\t\t\t<\/div>\n\t\t","protected":false},"excerpt":{"rendered":"<p>notre entreprise Nous sommes un fabricant professionnel sp\u00e9cialis\u00e9 dans la personnalisation d&#8217;accessoires m\u00e9talliques haut de gamme, int\u00e9grant conception, production et vente. Ax\u00e9s sur les ceintures, la maroquinerie et les accessoires de bijouterie, nous fournissons des solutions personnalis\u00e9es compl\u00e8tes aux marques mondiales gr\u00e2ce \u00e0 notre conception interne et notre production avanc\u00e9e. 2005 Usine de 280 m\u00b2 [&hellip;]<\/p>\n","protected":false},"author":2,"featured_media":0,"parent":0,"menu_order":0,"comment_status":"closed","ping_status":"closed","template":"","meta":{"_acf_changed":false,"footnotes":""},"class_list":["post-1960","page","type-page","status-publish","hentry"],"acf":[],"_links":{"self":[{"href":"https:\/\/carosung.com\/fr\/wp-json\/wp\/v2\/pages\/1960","targetHints":{"allow":["GET"]}}],"collection":[{"href":"https:\/\/carosung.com\/fr\/wp-json\/wp\/v2\/pages"}],"about":[{"href":"https:\/\/carosung.com\/fr\/wp-json\/wp\/v2\/types\/page"}],"author":[{"embeddable":true,"href":"https:\/\/carosung.com\/fr\/wp-json\/wp\/v2\/users\/2"}],"replies":[{"embeddable":true,"href":"https:\/\/carosung.com\/fr\/wp-json\/wp\/v2\/comments?post=1960"}],"version-history":[{"count":2,"href":"https:\/\/carosung.com\/fr\/wp-json\/wp\/v2\/pages\/1960\/revisions"}],"predecessor-version":[{"id":2292,"href":"https:\/\/carosung.com\/fr\/wp-json\/wp\/v2\/pages\/1960\/revisions\/2292"}],"wp:attachment":[{"href":"https:\/\/carosung.com\/fr\/wp-json\/wp\/v2\/media?parent=1960"}],"curies":[{"name":"wp","href":"https:\/\/api.w.org\/{rel}","templated":true}]}}