{"id":8425,"date":"2026-01-20T15:46:44","date_gmt":"2026-01-20T07:46:44","guid":{"rendered":"https:\/\/carosung.com\/product\/hebbillas-automaticas-magneticas-retro\/"},"modified":"2026-01-20T15:48:19","modified_gmt":"2026-01-20T07:48:19","slug":"hebbillas-automaticas-magneticas-retro","status":"publish","type":"product","link":"https:\/\/carosung.com\/es\/producto\/hebbillas-automaticas-magneticas-retro\/","title":{"rendered":"Hebbillas autom\u00e1ticas magn\u00e9ticas retro"},"content":{"rendered":"","protected":false},"excerpt":{"rendered":"<p>Material: Aleaci\u00f3n<\/p>\n<p>de zinc (MOQ): 300 piezas<\/p>\n<p>&nbsp;<\/p>\n","protected":false},"featured_media":8422,"comment_status":"closed","ping_status":"closed","template":"","meta":{"_acf_changed":false},"product_brand":[],"product_cat":[78,95],"product_tag":[645,647,646,649,648],"class_list":{"0":"post-8425","1":"product","2":"type-product","3":"status-publish","4":"has-post-thumbnail","6":"product_cat-hebillas","7":"product_cat-hebillas-automaticas","8":"product_tag-hebbillas","9":"product_tag-hebbillas-automaticas-de-cinturon","10":"product_tag-hebbillas-de-cinturon","11":"product_tag-hebbillas-retro","12":"product_tag-hebbillas-retro-para-cinturones","14":"first","15":"instock","16":"shipping-taxable","17":"product-type-simple"},"acf":[],"_links":{"self":[{"href":"https:\/\/carosung.com\/es\/wp-json\/wp\/v2\/product\/8425","targetHints":{"allow":["GET"]}}],"collection":[{"href":"https:\/\/carosung.com\/es\/wp-json\/wp\/v2\/product"}],"about":[{"href":"https:\/\/carosung.com\/es\/wp-json\/wp\/v2\/types\/product"}],"replies":[{"embeddable":true,"href":"https:\/\/carosung.com\/es\/wp-json\/wp\/v2\/comments?post=8425"}],"version-history":[{"count":1,"href":"https:\/\/carosung.com\/es\/wp-json\/wp\/v2\/product\/8425\/revisions"}],"predecessor-version":[{"id":8430,"href":"https:\/\/carosung.com\/es\/wp-json\/wp\/v2\/product\/8425\/revisions\/8430"}],"wp:featuredmedia":[{"embeddable":true,"href":"https:\/\/carosung.com\/es\/wp-json\/wp\/v2\/media\/8422"}],"wp:attachment":[{"href":"https:\/\/carosung.com\/es\/wp-json\/wp\/v2\/media?parent=8425"}],"wp:term":[{"taxonomy":"product_brand","embeddable":true,"href":"https:\/\/carosung.com\/es\/wp-json\/wp\/v2\/product_brand?post=8425"},{"taxonomy":"product_cat","embeddable":true,"href":"https:\/\/carosung.com\/es\/wp-json\/wp\/v2\/product_cat?post=8425"},{"taxonomy":"product_tag","embeddable":true,"href":"https:\/\/carosung.com\/es\/wp-json\/wp\/v2\/product_tag?post=8425"}],"curies":[{"name":"wp","href":"https:\/\/api.w.org\/{rel}","templated":true}]}}