{"id":6027,"date":"2026-01-02T15:03:52","date_gmt":"2026-01-02T07:03:52","guid":{"rendered":"https:\/\/carosung.com\/product\/hebbillas-automaticas-de-cinturon-lisas-y-en-blanco\/"},"modified":"2026-01-02T15:03:52","modified_gmt":"2026-01-02T07:03:52","slug":"hebbillas-automaticas-de-cinturon-lisas-y-en-blanco","status":"publish","type":"product","link":"https:\/\/carosung.com\/es\/producto\/hebbillas-automaticas-de-cinturon-lisas-y-en-blanco\/","title":{"rendered":"Hebbillas autom\u00e1ticas de cintur\u00f3n lisas y en blanco"},"content":{"rendered":"","protected":false},"excerpt":{"rendered":"<p>Material: Aleaci\u00f3n<\/p>\n<p>de zinc Color: Plata \/ Metal de fuego<\/p>\n","protected":false},"featured_media":5757,"comment_status":"closed","ping_status":"closed","template":"","meta":{"_acf_changed":false},"product_brand":[],"product_cat":[78,79],"product_tag":[324,352,346,452,451],"class_list":{"0":"post-6027","1":"product","2":"type-product","3":"status-publish","4":"has-post-thumbnail","6":"product_cat-hebillas","7":"product_cat-hebillas-de-placa","8":"product_tag-hebilla-automatica","9":"product_tag-hebilla-automatica-del-cinturon","10":"product_tag-hebilla-de-placa","11":"product_tag-hebilla-de-rayas","12":"product_tag-hebilla-lisa-en-blanco","14":"first","15":"instock","16":"shipping-taxable","17":"product-type-simple"},"acf":[],"_links":{"self":[{"href":"https:\/\/carosung.com\/es\/wp-json\/wp\/v2\/product\/6027","targetHints":{"allow":["GET"]}}],"collection":[{"href":"https:\/\/carosung.com\/es\/wp-json\/wp\/v2\/product"}],"about":[{"href":"https:\/\/carosung.com\/es\/wp-json\/wp\/v2\/types\/product"}],"replies":[{"embeddable":true,"href":"https:\/\/carosung.com\/es\/wp-json\/wp\/v2\/comments?post=6027"}],"version-history":[{"count":0,"href":"https:\/\/carosung.com\/es\/wp-json\/wp\/v2\/product\/6027\/revisions"}],"wp:featuredmedia":[{"embeddable":true,"href":"https:\/\/carosung.com\/es\/wp-json\/wp\/v2\/media\/5757"}],"wp:attachment":[{"href":"https:\/\/carosung.com\/es\/wp-json\/wp\/v2\/media?parent=6027"}],"wp:term":[{"taxonomy":"product_brand","embeddable":true,"href":"https:\/\/carosung.com\/es\/wp-json\/wp\/v2\/product_brand?post=6027"},{"taxonomy":"product_cat","embeddable":true,"href":"https:\/\/carosung.com\/es\/wp-json\/wp\/v2\/product_cat?post=6027"},{"taxonomy":"product_tag","embeddable":true,"href":"https:\/\/carosung.com\/es\/wp-json\/wp\/v2\/product_tag?post=6027"}],"curies":[{"name":"wp","href":"https:\/\/api.w.org\/{rel}","templated":true}]}}