{"id":5546,"date":"2025-12-30T14:56:58","date_gmt":"2025-12-30T06:56:58","guid":{"rendered":"https:\/\/carosung.com\/product\/hebbillas-automaticas-de-cinturon-de-laton-macizo-de-35-mm\/"},"modified":"2025-12-30T14:56:58","modified_gmt":"2025-12-30T06:56:58","slug":"hebbillas-automaticas-de-cinturon-de-laton-macizo-de-35-mm","status":"publish","type":"product","link":"https:\/\/carosung.com\/es\/producto\/hebbillas-automaticas-de-cinturon-de-laton-macizo-de-35-mm\/","title":{"rendered":"Hebbillas autom\u00e1ticas de cintur\u00f3n de lat\u00f3n macizo de 35 mm"},"content":{"rendered":"","protected":false},"excerpt":{"rendered":"","protected":false},"featured_media":5452,"comment_status":"closed","ping_status":"closed","template":"","meta":{"_acf_changed":false},"product_brand":[],"product_cat":[78,95],"product_tag":[322,324,354,352,323,353],"class_list":{"0":"post-5546","1":"product","2":"type-product","3":"status-publish","4":"has-post-thumbnail","6":"product_cat-hebillas","7":"product_cat-hebillas-automaticas","8":"product_tag-hebilla","9":"product_tag-hebilla-automatica","10":"product_tag-hebilla-automatica-de-laton","11":"product_tag-hebilla-automatica-del-cinturon","12":"product_tag-hebilla-de-cinturon","13":"product_tag-hebilla-de-laton","15":"first","16":"instock","17":"shipping-taxable","18":"product-type-variable"},"acf":[],"_links":{"self":[{"href":"https:\/\/carosung.com\/es\/wp-json\/wp\/v2\/product\/5546","targetHints":{"allow":["GET"]}}],"collection":[{"href":"https:\/\/carosung.com\/es\/wp-json\/wp\/v2\/product"}],"about":[{"href":"https:\/\/carosung.com\/es\/wp-json\/wp\/v2\/types\/product"}],"replies":[{"embeddable":true,"href":"https:\/\/carosung.com\/es\/wp-json\/wp\/v2\/comments?post=5546"}],"version-history":[{"count":0,"href":"https:\/\/carosung.com\/es\/wp-json\/wp\/v2\/product\/5546\/revisions"}],"wp:featuredmedia":[{"embeddable":true,"href":"https:\/\/carosung.com\/es\/wp-json\/wp\/v2\/media\/5452"}],"wp:attachment":[{"href":"https:\/\/carosung.com\/es\/wp-json\/wp\/v2\/media?parent=5546"}],"wp:term":[{"taxonomy":"product_brand","embeddable":true,"href":"https:\/\/carosung.com\/es\/wp-json\/wp\/v2\/product_brand?post=5546"},{"taxonomy":"product_cat","embeddable":true,"href":"https:\/\/carosung.com\/es\/wp-json\/wp\/v2\/product_cat?post=5546"},{"taxonomy":"product_tag","embeddable":true,"href":"https:\/\/carosung.com\/es\/wp-json\/wp\/v2\/product_tag?post=5546"}],"curies":[{"name":"wp","href":"https:\/\/api.w.org\/{rel}","templated":true}]}}