{"id":11759,"date":"2026-01-29T10:27:29","date_gmt":"2026-01-29T02:27:29","guid":{"rendered":"https:\/\/carosung.com\/product\/gancho-de-presion-enlazado-con-aleacion-de-zinc\/"},"modified":"2026-01-29T10:27:29","modified_gmt":"2026-01-29T02:27:29","slug":"gancho-de-presion-enlazado-con-aleacion-de-zinc","status":"publish","type":"product","link":"https:\/\/carosung.com\/es\/producto\/gancho-de-presion-enlazado-con-aleacion-de-zinc\/","title":{"rendered":"Gancho de Presi\u00f3n Enlazado con Aleaci\u00f3n de Zinc"},"content":{"rendered":"","protected":false},"excerpt":{"rendered":"<p>Material: Aleaci\u00f3n<\/p>\n<p>de zinc Color: Oro, Plata<\/p>\n<p>Tama\u00f1o: 16,5 MM, 20 mm en stock<\/p>\n","protected":false},"featured_media":11739,"comment_status":"closed","ping_status":"closed","template":"","meta":{"_acf_changed":false},"product_brand":[],"product_cat":[204],"product_tag":[205,206],"class_list":{"0":"post-11759","1":"product","2":"type-product","3":"status-publish","4":"has-post-thumbnail","6":"product_cat-gancho-de-chasquido","7":"product_tag-anzuelo-de-chasquido","8":"product_tag-gancho-giratorio","10":"first","11":"instock","12":"shipping-taxable","13":"purchasable","14":"product-type-variable"},"acf":[],"_links":{"self":[{"href":"https:\/\/carosung.com\/es\/wp-json\/wp\/v2\/product\/11759","targetHints":{"allow":["GET"]}}],"collection":[{"href":"https:\/\/carosung.com\/es\/wp-json\/wp\/v2\/product"}],"about":[{"href":"https:\/\/carosung.com\/es\/wp-json\/wp\/v2\/types\/product"}],"replies":[{"embeddable":true,"href":"https:\/\/carosung.com\/es\/wp-json\/wp\/v2\/comments?post=11759"}],"version-history":[{"count":0,"href":"https:\/\/carosung.com\/es\/wp-json\/wp\/v2\/product\/11759\/revisions"}],"wp:featuredmedia":[{"embeddable":true,"href":"https:\/\/carosung.com\/es\/wp-json\/wp\/v2\/media\/11739"}],"wp:attachment":[{"href":"https:\/\/carosung.com\/es\/wp-json\/wp\/v2\/media?parent=11759"}],"wp:term":[{"taxonomy":"product_brand","embeddable":true,"href":"https:\/\/carosung.com\/es\/wp-json\/wp\/v2\/product_brand?post=11759"},{"taxonomy":"product_cat","embeddable":true,"href":"https:\/\/carosung.com\/es\/wp-json\/wp\/v2\/product_cat?post=11759"},{"taxonomy":"product_tag","embeddable":true,"href":"https:\/\/carosung.com\/es\/wp-json\/wp\/v2\/product_tag?post=11759"}],"curies":[{"name":"wp","href":"https:\/\/api.w.org\/{rel}","templated":true}]}}