{"id":11408,"date":"2026-01-28T14:20:06","date_gmt":"2026-01-28T06:20:06","guid":{"rendered":"https:\/\/carosung.com\/product\/boton-magnetico-redondo-de-laton\/"},"modified":"2026-01-28T14:29:53","modified_gmt":"2026-01-28T06:29:53","slug":"boton-magnetico-redondo-de-laton","status":"publish","type":"product","link":"https:\/\/carosung.com\/es\/producto\/boton-magnetico-redondo-de-laton\/","title":{"rendered":"Bot\u00f3n magn\u00e9tico redondo de lat\u00f3n"},"content":{"rendered":"","protected":false},"excerpt":{"rendered":"<p>Material: lat\u00f3n<\/p>\n<p>Color: Plateado, Oro<\/p>\n<p>Tama\u00f1o: 14 mm. 18 mm en stock<\/p>\n","protected":false},"featured_media":11399,"comment_status":"closed","ping_status":"closed","template":"","meta":{"_acf_changed":false},"product_brand":[],"product_cat":[87,254],"product_tag":[205,209],"class_list":{"0":"post-11408","1":"product","2":"type-product","3":"status-publish","4":"has-post-thumbnail","6":"product_cat-herrajes-para-bolsos","7":"product_cat-otros-accesorios-para-bolsos","8":"product_tag-anzuelo-de-chasquido","9":"product_tag-anzuelo-de-muelle","11":"first","12":"instock","13":"shipping-taxable","14":"purchasable","15":"product-type-variable"},"acf":[],"_links":{"self":[{"href":"https:\/\/carosung.com\/es\/wp-json\/wp\/v2\/product\/11408","targetHints":{"allow":["GET"]}}],"collection":[{"href":"https:\/\/carosung.com\/es\/wp-json\/wp\/v2\/product"}],"about":[{"href":"https:\/\/carosung.com\/es\/wp-json\/wp\/v2\/types\/product"}],"replies":[{"embeddable":true,"href":"https:\/\/carosung.com\/es\/wp-json\/wp\/v2\/comments?post=11408"}],"version-history":[{"count":1,"href":"https:\/\/carosung.com\/es\/wp-json\/wp\/v2\/product\/11408\/revisions"}],"predecessor-version":[{"id":11415,"href":"https:\/\/carosung.com\/es\/wp-json\/wp\/v2\/product\/11408\/revisions\/11415"}],"wp:featuredmedia":[{"embeddable":true,"href":"https:\/\/carosung.com\/es\/wp-json\/wp\/v2\/media\/11399"}],"wp:attachment":[{"href":"https:\/\/carosung.com\/es\/wp-json\/wp\/v2\/media?parent=11408"}],"wp:term":[{"taxonomy":"product_brand","embeddable":true,"href":"https:\/\/carosung.com\/es\/wp-json\/wp\/v2\/product_brand?post=11408"},{"taxonomy":"product_cat","embeddable":true,"href":"https:\/\/carosung.com\/es\/wp-json\/wp\/v2\/product_cat?post=11408"},{"taxonomy":"product_tag","embeddable":true,"href":"https:\/\/carosung.com\/es\/wp-json\/wp\/v2\/product_tag?post=11408"}],"curies":[{"name":"wp","href":"https:\/\/api.w.org\/{rel}","templated":true}]}}