{"id":2772,"date":"2025-12-15T16:06:08","date_gmt":"2025-12-15T08:06:08","guid":{"rendered":"https:\/\/carosung.com\/politica-de-reembolsos-y-devoluciones-2\/"},"modified":"2025-12-15T16:07:50","modified_gmt":"2025-12-15T08:07:50","slug":"politica-de-reembolsos-y-devoluciones-2","status":"publish","type":"page","link":"https:\/\/carosung.com\/es\/politica-de-reembolsos-y-devoluciones-2\/","title":{"rendered":"Pol\u00edtica de reembolsos y devoluciones"},"content":{"rendered":"\n<p><b>Esta es una p\u00e1gina de muestra.<\/b><\/p>\n\n<h2 class=\"wp-block-heading\">Visi\u00f3n general<\/h2>\n\n<p>Nuestra pol\u00edtica de reembolsos y devoluciones tiene una duraci\u00f3n de 30 d\u00edas. Si han pasado 30 d\u00edas desde su compra, no podemos ofrecerle un reembolso completo o un cambio. <\/p>\n\n<p>Para ser elegible para una devoluci\u00f3n, su art\u00edculo debe estar sin usar y en las mismas condiciones en que lo recibi\u00f3. Tambi\u00e9n debe estar en el embalaje original. <\/p>\n\n<p>Varios tipos de bienes est\u00e1n exentos de ser devueltos. Los productos perecederos como alimentos, flores, peri\u00f3dicos o revistas no se pueden devolver. Tampoco aceptamos productos que sean art\u00edculos \u00edntimos o sanitarios, materiales peligrosos o l\u00edquidos o gases inflamables.  <\/p>\n\n<p>Art\u00edculos adicionales no retornables:<\/p>\n\n<ul class=\"wp-block-list\">\n<li>Tarjetas de regalo<\/li>\n<li>Productos de software descargables<\/li>\n<li>Algunos art\u00edculos de salud y cuidado personal<\/li>\n<\/ul>\n\n<p>Para completar su devoluci\u00f3n, requerimos un recibo o comprobante de compra.<\/p>\n\n<p>Por favor, no devuelva su compra al fabricante.<\/p>\n\n<p>Hay ciertas situaciones en las que solo se conceden reembolsos parciales:<\/p>\n\n<ul class=\"wp-block-list\">\n<li>Libro con signos evidentes de uso<\/li>\n<li>CD, DVD, cinta VHS, software, videojuego, cinta de casete o disco de vinilo que se haya abierto.<\/li>\n<li>Cualquier art\u00edculo que no est\u00e9 en su estado original, est\u00e1 da\u00f1ado o le faltan piezas por razones que no se deban a nuestro error.<\/li>\n<li>Cualquier art\u00edculo que se devuelva m\u00e1s de 30 d\u00edas despu\u00e9s de la entrega<\/li>\n<\/ul>\n\n<h2 class=\"wp-block-heading\">Reembolsos<\/h2>\n\n<p>Una vez que se reciba e inspeccione su devoluci\u00f3n, le enviaremos un correo electr\u00f3nico para notificarle que hemos recibido su art\u00edculo devuelto. Tambi\u00e9n le notificaremos la aprobaci\u00f3n o el rechazo de su reembolso. <\/p>\n\n<p>Si se aprueba, se procesar\u00e1 su reembolso y se aplicar\u00e1 autom\u00e1ticamente un cr\u00e9dito a su tarjeta de cr\u00e9dito o m\u00e9todo de pago original, dentro de una cierta cantidad de d\u00edas.<\/p>\n\n<h3 class=\"wp-block-heading\">Reembolsos tard\u00edos o faltantes<\/h3>\n\n<p>Si a\u00fan no has recibido un reembolso, primero vuelve a comprobar tu cuenta bancaria.<\/p>\n\n<p>Luego, comun\u00edquese con la compa\u00f1\u00eda de su tarjeta de cr\u00e9dito, puede pasar alg\u00fan tiempo antes de que su reembolso se publique oficialmente.<\/p>\n\n<p>A continuaci\u00f3n, p\u00f3ngase en contacto con su banco. A menudo hay alg\u00fan tiempo de procesamiento antes de que se publique un reembolso. <\/p>\n\n<p>Si has hecho todo esto y a\u00fan no has recibido tu reembolso, ponte en contacto con nosotros en {direcci\u00f3n de correo electr\u00f3nico}.<\/p>\n\n<h3 class=\"wp-block-heading\">Art\u00edculos en venta<\/h3>\n\n<p>Solo los art\u00edculos de precio regular pueden ser reembolsados. Los art\u00edculos en oferta no pueden ser reembolsados. <\/p>\n\n<h2 class=\"wp-block-heading\">Intercambios<\/h2>\n\n<p>Solo reemplazamos los art\u00edculos si est\u00e1n defectuosos o da\u00f1ados. Si necesitas cambiarlo por el mismo art\u00edculo, env\u00edanos un correo electr\u00f3nico a {direcci\u00f3n de correo electr\u00f3nico} y env\u00eda tu art\u00edculo a: {direcci\u00f3n f\u00edsica}. <\/p>\n\n<h2 class=\"wp-block-heading\">Regalos<\/h2>\n\n<p>Si el art\u00edculo se marc\u00f3 como regalo cuando se compr\u00f3 y se te envi\u00f3 directamente, recibir\u00e1s un cr\u00e9dito de regalo por el valor de tu devoluci\u00f3n. Una vez que se reciba el art\u00edculo devuelto, se le enviar\u00e1 un certificado de regalo. <\/p>\n\n<p>Si el art\u00edculo no se marc\u00f3 como regalo cuando se compr\u00f3, o si la persona que hizo el regalo se envi\u00f3 el pedido para entreg\u00e1rselo m\u00e1s tarde, enviaremos un reembolso a la persona que hizo el regalo y se enterar\u00e1 de su devoluci\u00f3n.<\/p>\n\n<h2 class=\"wp-block-heading\">Env\u00edo de devoluciones<\/h2>\n\n<p>Para devolver su producto, debe enviarlo por correo a: {direcci\u00f3n f\u00edsica}.<\/p>\n\n<p>Usted ser\u00e1 responsable de pagar sus propios costos de env\u00edo para devolver su art\u00edculo. Los gastos de env\u00edo no son reembolsables. Si recibe un reembolso, el costo del env\u00edo de devoluci\u00f3n se deducir\u00e1 de su reembolso.  <\/p>\n\n<p>Dependiendo de d\u00f3nde vivas, el tiempo que puede tardar en llegarte el producto intercambiado puede variar.<\/p>\n\n<p>Si est\u00e1 devolviendo art\u00edculos m\u00e1s caros, puede considerar usar un servicio de env\u00edo rastreable o comprar un seguro de env\u00edo. No garantizamos que recibiremos el art\u00edculo devuelto. <\/p>\n\n<h2 class=\"wp-block-heading\">\u00bfNecesitas ayuda?<\/h2>\n\n<p>P\u00f3ngase en contacto con nosotros si {email} tiene preguntas relacionadas con reembolsos y devoluciones.<\/p>\n","protected":false},"excerpt":{"rendered":"<p>Esta es una p\u00e1gina de muestra. Visi\u00f3n general Nuestra pol\u00edtica de reembolsos y devoluciones tiene una duraci\u00f3n de 30 d\u00edas. Si han pasado 30 d\u00edas desde su compra, no podemos ofrecerle un reembolso completo o un cambio. Para ser elegible para una devoluci\u00f3n, su art\u00edculo debe estar sin usar y en las mismas condiciones en [&hellip;]<\/p>\n","protected":false},"author":1,"featured_media":0,"parent":0,"menu_order":0,"comment_status":"closed","ping_status":"closed","template":"","meta":{"_acf_changed":false,"footnotes":""},"class_list":["post-2772","page","type-page","status-publish","hentry"],"acf":[],"_links":{"self":[{"href":"https:\/\/carosung.com\/es\/wp-json\/wp\/v2\/pages\/2772","targetHints":{"allow":["GET"]}}],"collection":[{"href":"https:\/\/carosung.com\/es\/wp-json\/wp\/v2\/pages"}],"about":[{"href":"https:\/\/carosung.com\/es\/wp-json\/wp\/v2\/types\/page"}],"author":[{"embeddable":true,"href":"https:\/\/carosung.com\/es\/wp-json\/wp\/v2\/users\/1"}],"replies":[{"embeddable":true,"href":"https:\/\/carosung.com\/es\/wp-json\/wp\/v2\/comments?post=2772"}],"version-history":[{"count":1,"href":"https:\/\/carosung.com\/es\/wp-json\/wp\/v2\/pages\/2772\/revisions"}],"predecessor-version":[{"id":2773,"href":"https:\/\/carosung.com\/es\/wp-json\/wp\/v2\/pages\/2772\/revisions\/2773"}],"wp:attachment":[{"href":"https:\/\/carosung.com\/es\/wp-json\/wp\/v2\/media?parent=2772"}],"curies":[{"name":"wp","href":"https:\/\/api.w.org\/{rel}","templated":true}]}}