{"id":2681,"date":"2025-12-11T14:37:50","date_gmt":"2025-12-11T06:37:50","guid":{"rendered":"https:\/\/carosung.com\/solicita-un-presupuesto\/"},"modified":"2025-12-11T14:37:50","modified_gmt":"2025-12-11T06:37:50","slug":"solicita-un-presupuesto","status":"publish","type":"page","link":"https:\/\/carosung.com\/es\/solicita-un-presupuesto\/","title":{"rendered":"Solicita un presupuesto"},"content":{"rendered":"\n<div class=\"woocommerce ywraq-wrapper ywraq-empty\">\n\t\t\t<div id=\"yith-ywraq-message\"><div class=\"ywraq-question-message\">\n\t<\/div>\n<\/div>\n\t\t\n\t\t\t\t<div class=\"ywraq-form-table-wrapper vertical\">\n\t\t\t<div class=\"ywraq-before-form\">\n\t<p class=\"ywraq_list_empty_message\">Tu lista est\u00e1 vac\u00eda, a\u00f1ade productos a la lista para enviar una solicitud<p><p class=\"return-to-shop\"><a class=\"button wc-backward\" href=\"https:\/\/carosung.com\/es\/lista-de-productos\/\">Return to Shop<\/a><\/p><\/div>\n\t\t\t\t\t<\/div>\n\t<\/div>\n\n","protected":false},"excerpt":{"rendered":"","protected":false},"author":1,"featured_media":0,"parent":0,"menu_order":0,"comment_status":"closed","ping_status":"closed","template":"","meta":{"_acf_changed":false,"footnotes":""},"class_list":["post-2681","page","type-page","status-publish","hentry"],"acf":[],"_links":{"self":[{"href":"https:\/\/carosung.com\/es\/wp-json\/wp\/v2\/pages\/2681","targetHints":{"allow":["GET"]}}],"collection":[{"href":"https:\/\/carosung.com\/es\/wp-json\/wp\/v2\/pages"}],"about":[{"href":"https:\/\/carosung.com\/es\/wp-json\/wp\/v2\/types\/page"}],"author":[{"embeddable":true,"href":"https:\/\/carosung.com\/es\/wp-json\/wp\/v2\/users\/1"}],"replies":[{"embeddable":true,"href":"https:\/\/carosung.com\/es\/wp-json\/wp\/v2\/comments?post=2681"}],"version-history":[{"count":0,"href":"https:\/\/carosung.com\/es\/wp-json\/wp\/v2\/pages\/2681\/revisions"}],"wp:attachment":[{"href":"https:\/\/carosung.com\/es\/wp-json\/wp\/v2\/media?parent=2681"}],"curies":[{"name":"wp","href":"https:\/\/api.w.org\/{rel}","templated":true}]}}